{"id":91,"date":"2015-10-22T03:26:46","date_gmt":"2015-10-22T03:26:46","guid":{"rendered":"http:\/\/demo.thimpress.com\/eduma\/?page_id=91"},"modified":"2019-09-25T00:04:00","modified_gmt":"2019-09-25T00:04:00","slug":"faqs","status":"publish","type":"page","link":"https:\/\/gourangaseva.com\/kirtan\/faqs\/","title":{"rendered":"FAQs"},"content":{"rendered":"<div id=\"pl-91\"  class=\"panel-layout\" ><div id=\"pg-91-0\"  class=\"panel-grid panel-no-style\" ><div id=\"pgc-91-0-0\"  class=\"panel-grid-cell\" ><div id=\"panel-91-0-0-0\" class=\"so-panel widget widget_heading panel-first-child panel-last-child\" data-index=\"0\" ><div class=\"panel-widget-style panel-widget-style-for-91-0-0-0\" ><div class=\"thim-widget-heading template-base\"><div class=\"sc_heading  text-center\"><h3 style=\"text-transform: uppercase;\" class=\"title\">Perguntas Frequentes<\/h3><p class=\"sub-heading\" style=\"\">Responda todas as suas perguntas<\/p><span class=\"line\"><\/span><\/div><\/div><\/div><\/div><\/div><\/div><div id=\"pg-91-1\"  class=\"panel-grid panel-no-style\" ><div id=\"pgc-91-1-0\"  class=\"panel-grid-cell\" ><div id=\"panel-91-1-0-0\" class=\"so-panel widget widget_accordion panel-first-child panel-last-child\" data-index=\"1\" ><div class=\"thim-widget-accordion template-base\"><div class=\"thim-widget-accordion\"><h3 class=\"widget-title\">Pr\u00e9 Requisitos<\/h3><div id=\"accordion_69ea3e35d9af9\" class=\"panel-group\" role=\"tablist\" aria-multiselectable=\"true\">\n\t<!-- List Panel -->\n\t\n\t\t\t<div class=\"panel panel-default\">\n\t\t\t\t<div class=\"panel-heading\" role=\"tab\"\n\t\t\t\t\t id=\"heading_accordion_69ea3e35d9af9_0\">\n\t\t\t\t\t<h4 class=\"panel-title\">\n\t\t\t\t\t\t<a role=\"button\" class=\"collapsed\" data-toggle=\"collapse\"\n\t\t\t\t\t\t   data-parent=\"#accordion_69ea3e35d9af9\"\n\t\t\t\t\t\t   href=\"#collapse_accordion_69ea3e35d9af9_0\" aria-expanded=\"false\"\n\t\t\t\t\t\t   aria-controls=\"collapse_accordion_69ea3e35d9af9_0\">\n\t\t\t\t\t\t\tMesmo n\u00e3o sabendo nada de m\u00fasica, posso fazer as aulas?\t\t\t\t\t\t<\/a>\n\t\t\t\t\t<\/h4>\n\t\t\t\t<\/div>\n\t\t\t\t<div id=\"collapse_accordion_69ea3e35d9af9_0\"\n\t\t\t\t\t class=\"panel-collapse collapse\"\n\t\t\t\t\t role=\"tabpanel\" aria-labelledby=\"heading_accordion_69ea3e35d9af9_0\">\n\t\t\t\t\t<div class=\"panel-body\">\n\t\t\t\t\t\tSem d\u00favidas, aqui os alunos vem para aprender e o pr\u00e9 requisito \u00e9 ter vontade de aprender.<br>\nAs aulas abordam os primeiros passos para que todos possam aprender e gradualmente possam se desenvolver.\n\t\t\t\t\t<\/div>\n\t\t\t\t<\/div>\n\t\t\t<\/div>\n\n\t\t\n\t\t\t<div class=\"panel panel-default\">\n\t\t\t\t<div class=\"panel-heading\" role=\"tab\"\n\t\t\t\t\t id=\"heading_accordion_69ea3e35d9af9_1\">\n\t\t\t\t\t<h4 class=\"panel-title\">\n\t\t\t\t\t\t<a role=\"button\" class=\"collapsed\" data-toggle=\"collapse\"\n\t\t\t\t\t\t   data-parent=\"#accordion_69ea3e35d9af9\"\n\t\t\t\t\t\t   href=\"#collapse_accordion_69ea3e35d9af9_1\" aria-expanded=\"false\"\n\t\t\t\t\t\t   aria-controls=\"collapse_accordion_69ea3e35d9af9_1\">\n\t\t\t\t\t\t\tQuero fazer as aulas, o que preciso para come\u00e7ar?\t\t\t\t\t\t<\/a>\n\t\t\t\t\t<\/h4>\n\t\t\t\t<\/div>\n\t\t\t\t<div id=\"collapse_accordion_69ea3e35d9af9_1\"\n\t\t\t\t\t class=\"panel-collapse collapse\"\n\t\t\t\t\t role=\"tabpanel\" aria-labelledby=\"heading_accordion_69ea3e35d9af9_1\">\n\t\t\t\t\t<div class=\"panel-body\">\n\t\t\t\t\t\tO primeiro passo voc\u00ea j\u00e1 est\u00e1 dando, veio at\u00e9 aqui, teve for\u00e7a de vontade. Seja bem vindo(a)!<br><br>\n\nAlguns detalhes s\u00e3o necess\u00e1rios para come\u00e7armos as aulas, anote a\u00ed!<br><br>\n\n- <strong>Instrumento para a pr\u00e1tica di\u00e1ria<\/strong>. Pode ser seu ou emprestado, do templo, centro cultural, o importante \u00e9 conseguir treinar diariamente.<br>\n- <strong>Uma c\u00e2mera digital ou um celular que grave v\u00eddeos<\/strong>. Importante para o suporte semanal.<br>\n- <strong>For\u00e7a de vontade <\/strong>para iniciar, vir atr\u00e1s do aprendizado.<br>\n- <strong>Paci\u00eancia <\/strong>para entender que o processo \u00e9 gradual e n\u00e3o se sai tocando como um Expert de um dia para o outro.<br>\n- <strong>Determina\u00e7\u00e3o<\/strong> para persistir com o treinamento. Quanto mais treino maior o desenvolvimento e mais percept\u00edvel \u00e9 o avan\u00e7o.<br>\t\t\t\t\t<\/div>\n\t\t\t\t<\/div>\n\t\t\t<\/div>\n\n\t\t\n\t\t\t<div class=\"panel panel-default\">\n\t\t\t\t<div class=\"panel-heading\" role=\"tab\"\n\t\t\t\t\t id=\"heading_accordion_69ea3e35d9af9_2\">\n\t\t\t\t\t<h4 class=\"panel-title\">\n\t\t\t\t\t\t<a role=\"button\" class=\"collapsed\" data-toggle=\"collapse\"\n\t\t\t\t\t\t   data-parent=\"#accordion_69ea3e35d9af9\"\n\t\t\t\t\t\t   href=\"#collapse_accordion_69ea3e35d9af9_2\" aria-expanded=\"false\"\n\t\t\t\t\t\t   aria-controls=\"collapse_accordion_69ea3e35d9af9_2\">\n\t\t\t\t\t\t\tQual a dura\u00e7\u00e3o de cada curso?\t\t\t\t\t\t<\/a>\n\t\t\t\t\t<\/h4>\n\t\t\t\t<\/div>\n\t\t\t\t<div id=\"collapse_accordion_69ea3e35d9af9_2\"\n\t\t\t\t\t class=\"panel-collapse collapse\"\n\t\t\t\t\t role=\"tabpanel\" aria-labelledby=\"heading_accordion_69ea3e35d9af9_2\">\n\t\t\t\t\t<div class=\"panel-body\">\n\t\t\t\t\t\tTemos cursos de 3 instrumentos, Harmonium, Karatalas e Mridanga. S\u00e3o instrumentos que n\u00f3s praticamente nunca paramos de aprender.<br><br>\nN\u00f3s do Kirtan Seva formatamos os cursos com diferentes m\u00f3dulos e a dura\u00e7\u00e3o de cada curso depende da entrega do aluno.<br>\nQuanto mais treinamento e estudo, mais r\u00e1pido se torna o curso.\t\t\t\t\t<\/div>\n\t\t\t\t<\/div>\n\t\t\t<\/div>\n\n\t\t\n\t\t\t<div class=\"panel panel-default\">\n\t\t\t\t<div class=\"panel-heading\" role=\"tab\"\n\t\t\t\t\t id=\"heading_accordion_69ea3e35d9af9_3\">\n\t\t\t\t\t<h4 class=\"panel-title\">\n\t\t\t\t\t\t<a role=\"button\" class=\"collapsed\" data-toggle=\"collapse\"\n\t\t\t\t\t\t   data-parent=\"#accordion_69ea3e35d9af9\"\n\t\t\t\t\t\t   href=\"#collapse_accordion_69ea3e35d9af9_3\" aria-expanded=\"false\"\n\t\t\t\t\t\t   aria-controls=\"collapse_accordion_69ea3e35d9af9_3\">\n\t\t\t\t\t\t\tQuais os valores dos cursos?\t\t\t\t\t\t<\/a>\n\t\t\t\t\t<\/h4>\n\t\t\t\t<\/div>\n\t\t\t\t<div id=\"collapse_accordion_69ea3e35d9af9_3\"\n\t\t\t\t\t class=\"panel-collapse collapse\"\n\t\t\t\t\t role=\"tabpanel\" aria-labelledby=\"heading_accordion_69ea3e35d9af9_3\">\n\t\t\t\t\t<div class=\"panel-body\">\n\t\t\t\t\t\tAtualmente cada m\u00f3dulo contendo 4 aulas, mais suporte semanal est\u00e1 no valor de R$ 140,00 reais.\t\t\t\t\t<\/div>\n\t\t\t\t<\/div>\n\t\t\t<\/div>\n\n\t\t\t<!-- End: List Panel -->\n<\/div>\n<\/div>\n<\/div><\/div><\/div><div id=\"pgc-91-1-1\"  class=\"panel-grid-cell\" ><div id=\"panel-91-1-1-0\" class=\"so-panel widget widget_accordion panel-first-child panel-last-child\" data-index=\"2\" ><div class=\"thim-widget-accordion template-base\"><div class=\"thim-widget-accordion\"><h3 class=\"widget-title\">Durante o Curso<\/h3><div id=\"accordion_69ea3e35d9c13\" class=\"panel-group\" role=\"tablist\" aria-multiselectable=\"true\">\n\t<!-- List Panel -->\n\t\n\t\t\t<div class=\"panel panel-default\">\n\t\t\t\t<div class=\"panel-heading\" role=\"tab\"\n\t\t\t\t\t id=\"heading_accordion_69ea3e35d9c13_0\">\n\t\t\t\t\t<h4 class=\"panel-title\">\n\t\t\t\t\t\t<a role=\"button\" class=\"collapsed\" data-toggle=\"collapse\"\n\t\t\t\t\t\t   data-parent=\"#accordion_69ea3e35d9c13\"\n\t\t\t\t\t\t   href=\"#collapse_accordion_69ea3e35d9c13_0\" aria-expanded=\"false\"\n\t\t\t\t\t\t   aria-controls=\"collapse_accordion_69ea3e35d9c13_0\">\n\t\t\t\t\t\t\tEm quantas aulas j\u00e1 poderei tocar nos programas?\t\t\t\t\t\t<\/a>\n\t\t\t\t\t<\/h4>\n\t\t\t\t<\/div>\n\t\t\t\t<div id=\"collapse_accordion_69ea3e35d9c13_0\"\n\t\t\t\t\t class=\"panel-collapse collapse\"\n\t\t\t\t\t role=\"tabpanel\" aria-labelledby=\"heading_accordion_69ea3e35d9c13_0\">\n\t\t\t\t\t<div class=\"panel-body\">\n\t\t\t\t\t\tO resultado \u00e9 relativo. Dependendo unicamente do esfor\u00e7o do aluno em cumprir os treinamentos propostos nos cursos.<br>\nTenha paci\u00eancia e persista na sua disciplina de treinamento, entregue tudo como um servi\u00e7o ao Senhor supremo e muito em breve voc\u00ea estar\u00e1 tocando nos Kirtans.\t\t\t\t\t<\/div>\n\t\t\t\t<\/div>\n\t\t\t<\/div>\n\n\t\t\n\t\t\t<div class=\"panel panel-default\">\n\t\t\t\t<div class=\"panel-heading\" role=\"tab\"\n\t\t\t\t\t id=\"heading_accordion_69ea3e35d9c13_1\">\n\t\t\t\t\t<h4 class=\"panel-title\">\n\t\t\t\t\t\t<a role=\"button\" class=\"collapsed\" data-toggle=\"collapse\"\n\t\t\t\t\t\t   data-parent=\"#accordion_69ea3e35d9c13\"\n\t\t\t\t\t\t   href=\"#collapse_accordion_69ea3e35d9c13_1\" aria-expanded=\"false\"\n\t\t\t\t\t\t   aria-controls=\"collapse_accordion_69ea3e35d9c13_1\">\n\t\t\t\t\t\t\tTenho algum suporte durante os cursos?\t\t\t\t\t\t<\/a>\n\t\t\t\t\t<\/h4>\n\t\t\t\t<\/div>\n\t\t\t\t<div id=\"collapse_accordion_69ea3e35d9c13_1\"\n\t\t\t\t\t class=\"panel-collapse collapse\"\n\t\t\t\t\t role=\"tabpanel\" aria-labelledby=\"heading_accordion_69ea3e35d9c13_1\">\n\t\t\t\t\t<div class=\"panel-body\">\n\t\t\t\t\t\tDamos suporte toda segunda-feira das 9h \u00e0s 16h.<br>\nFique a vontade para esclarecer suas d\u00favidas e nos enviar os v\u00eddeos para avalia\u00e7\u00e3o e suporte.\t\t\t\t\t<\/div>\n\t\t\t\t<\/div>\n\t\t\t<\/div>\n\n\t\t\n\t\t\t<div class=\"panel panel-default\">\n\t\t\t\t<div class=\"panel-heading\" role=\"tab\"\n\t\t\t\t\t id=\"heading_accordion_69ea3e35d9c13_2\">\n\t\t\t\t\t<h4 class=\"panel-title\">\n\t\t\t\t\t\t<a role=\"button\" class=\"collapsed\" data-toggle=\"collapse\"\n\t\t\t\t\t\t   data-parent=\"#accordion_69ea3e35d9c13\"\n\t\t\t\t\t\t   href=\"#collapse_accordion_69ea3e35d9c13_2\" aria-expanded=\"false\"\n\t\t\t\t\t\t   aria-controls=\"collapse_accordion_69ea3e35d9c13_2\">\n\t\t\t\t\t\t\tMeu desenvolvimento est\u00e1 lento, o que estou fazendo de errado?\t\t\t\t\t\t<\/a>\n\t\t\t\t\t<\/h4>\n\t\t\t\t<\/div>\n\t\t\t\t<div id=\"collapse_accordion_69ea3e35d9c13_2\"\n\t\t\t\t\t class=\"panel-collapse collapse\"\n\t\t\t\t\t role=\"tabpanel\" aria-labelledby=\"heading_accordion_69ea3e35d9c13_2\">\n\t\t\t\t\t<div class=\"panel-body\">\n\t\t\t\t\t\tPara desenvolvermos qualquer coisa em nossa vida, precisamos de foco, disciplina e comprometimento.<br>\nObserve a frequ\u00eancia e a dura\u00e7\u00e3o de seu treinamento.<br>\nEvite muitas interrup\u00e7\u00f5es no seu treinamento, mantenha o foco.<br>\nSe est\u00e1 tendo dificuldades no entendimento das aulas, n\u00e3o exite em nos comunicar e pedir ajuda.\t\t\t\t\t<\/div>\n\t\t\t\t<\/div>\n\t\t\t<\/div>\n\n\t\t\n\t\t\t<div class=\"panel panel-default\">\n\t\t\t\t<div class=\"panel-heading\" role=\"tab\"\n\t\t\t\t\t id=\"heading_accordion_69ea3e35d9c13_3\">\n\t\t\t\t\t<h4 class=\"panel-title\">\n\t\t\t\t\t\t<a role=\"button\" class=\"collapsed\" data-toggle=\"collapse\"\n\t\t\t\t\t\t   data-parent=\"#accordion_69ea3e35d9c13\"\n\t\t\t\t\t\t   href=\"#collapse_accordion_69ea3e35d9c13_3\" aria-expanded=\"false\"\n\t\t\t\t\t\t   aria-controls=\"collapse_accordion_69ea3e35d9c13_3\">\n\t\t\t\t\t\t\tNotei que surgiram alguns desconfortos no meu corpo, isso \u00e9 normal?\t\t\t\t\t\t<\/a>\n\t\t\t\t\t<\/h4>\n\t\t\t\t<\/div>\n\t\t\t\t<div id=\"collapse_accordion_69ea3e35d9c13_3\"\n\t\t\t\t\t class=\"panel-collapse collapse\"\n\t\t\t\t\t role=\"tabpanel\" aria-labelledby=\"heading_accordion_69ea3e35d9c13_3\">\n\t\t\t\t\t<div class=\"panel-body\">\n\t\t\t\t\t\t\u00c9 muito natural que desconfortos apare\u00e7am pois estamos realizando atividades novas e que tendem a ter uma sequ\u00eancia repetitiva.<br><br>\nDesconfortos breves s\u00e3o comuns, naturais. Observe as dicas de posturas e o ensinamento da t\u00e9cnica de cada instrumento dadas durante as aulas.<br><br>\nSe incomodo persistir, entre em contato conosco para que possamos te ajudar. \t\t\t\t\t<\/div>\n\t\t\t\t<\/div>\n\t\t\t<\/div>\n\n\t\t\t<!-- End: List Panel -->\n<\/div>\n<\/div>\n<\/div><\/div><\/div><\/div><div id=\"pg-91-2\"  class=\"panel-grid panel-no-style\" ><div id=\"pgc-91-2-0\"  class=\"panel-grid-cell\" ><div id=\"panel-91-2-0-0\" class=\"so-panel widget widget_text panel-first-child panel-last-child\" data-index=\"3\" ><div class=\"thim-border-top panel-widget-style panel-widget-style-for-91-2-0-0\" >\t\t\t<div class=\"textwidget\"><div class=\"thim-contact-faqs text-center\">\n<h4>N\u00e3o encontrou resposta?<\/h4>\n\n<div class=\"wpcf7 no-js\" id=\"wpcf7-f6020-o1\" lang=\"en-US\" dir=\"ltr\" data-wpcf7-id=\"6020\">\n<div class=\"screen-reader-response\"><p role=\"status\" aria-live=\"polite\" aria-atomic=\"true\"><\/p> <ul><\/ul><\/div>\n<form action=\"\/kirtan\/wp-json\/wp\/v2\/pages\/91#wpcf7-f6020-o1\" method=\"post\" class=\"wpcf7-form init\" aria-label=\"Contact form\" novalidate=\"novalidate\" data-status=\"init\">\n<div style=\"display: none;\">\n<input type=\"hidden\" name=\"_wpcf7\" value=\"6020\" \/>\n<input type=\"hidden\" name=\"_wpcf7_version\" value=\"6.0.6\" \/>\n<input type=\"hidden\" name=\"_wpcf7_locale\" value=\"en_US\" \/>\n<input type=\"hidden\" name=\"_wpcf7_unit_tag\" value=\"wpcf7-f6020-o1\" \/>\n<input type=\"hidden\" name=\"_wpcf7_container_post\" value=\"0\" \/>\n<input type=\"hidden\" name=\"_wpcf7_posted_data_hash\" value=\"\" \/>\n<\/div>\n<p><span class=\"wpcf7-form-control-wrap\" data-name=\"your-name\"><input size=\"40\" maxlength=\"400\" class=\"wpcf7-form-control wpcf7-text wpcf7-validates-as-required\" aria-required=\"true\" aria-invalid=\"false\" placeholder=\"Nome *\" value=\"\" type=\"text\" name=\"your-name\" \/><\/span>\n<\/p>\n<p><span class=\"wpcf7-form-control-wrap\" data-name=\"your-email\"><input size=\"40\" maxlength=\"400\" class=\"wpcf7-form-control wpcf7-email wpcf7-validates-as-required wpcf7-text wpcf7-validates-as-email\" aria-required=\"true\" aria-invalid=\"false\" placeholder=\"Email *\" value=\"\" type=\"email\" name=\"your-email\" \/><\/span>\n<\/p>\n<p><span class=\"wpcf7-form-control-wrap\" data-name=\"your-subject\"><input size=\"40\" maxlength=\"400\" class=\"wpcf7-form-control wpcf7-text wpcf7-validates-as-required\" aria-required=\"true\" aria-invalid=\"false\" placeholder=\"Assunto *\" value=\"\" type=\"text\" name=\"your-subject\" \/><\/span>\n<\/p>\n<p><span class=\"wpcf7-form-control-wrap\" data-name=\"your-message\"><textarea cols=\"40\" rows=\"10\" maxlength=\"2000\" class=\"wpcf7-form-control wpcf7-textarea wpcf7-validates-as-required\" aria-required=\"true\" aria-invalid=\"false\" placeholder=\"Mensagem *\" name=\"your-message\"><\/textarea><\/span>\n<\/p>\n<p><input class=\"wpcf7-form-control wpcf7-submit has-spinner\" type=\"submit\" value=\"Enviar\" \/>\n<\/p><div class=\"wpcf7-response-output\" aria-hidden=\"true\"><\/div>\n<\/form>\n<\/div>\n\n<\/div><\/div>\n\t\t<\/div><\/div><\/div><\/div><\/div>","protected":false},"excerpt":{"rendered":"<p>Perguntas FrequentesResponda todas as suas perguntasPr\u00e9 Requisitos Mesmo n\u00e3o sabendo nada de m\u00fasica, posso fazer as aulas? Sem d\u00favidas, aqui os alunos vem para aprender e o pr\u00e9 requisito \u00e9 ter vontade de aprender. As aulas abordam os primeiros passos &hellip; <\/p>\n","protected":false},"author":2,"featured_media":0,"parent":0,"menu_order":0,"comment_status":"closed","ping_status":"closed","template":"","meta":{"footnotes":""},"class_list":["post-91","page","type-page","status-publish","hentry"],"_links":{"self":[{"href":"https:\/\/gourangaseva.com\/kirtan\/wp-json\/wp\/v2\/pages\/91","targetHints":{"allow":["GET"]}}],"collection":[{"href":"https:\/\/gourangaseva.com\/kirtan\/wp-json\/wp\/v2\/pages"}],"about":[{"href":"https:\/\/gourangaseva.com\/kirtan\/wp-json\/wp\/v2\/types\/page"}],"author":[{"embeddable":true,"href":"https:\/\/gourangaseva.com\/kirtan\/wp-json\/wp\/v2\/users\/2"}],"replies":[{"embeddable":true,"href":"https:\/\/gourangaseva.com\/kirtan\/wp-json\/wp\/v2\/comments?post=91"}],"version-history":[{"count":25,"href":"https:\/\/gourangaseva.com\/kirtan\/wp-json\/wp\/v2\/pages\/91\/revisions"}],"predecessor-version":[{"id":7226,"href":"https:\/\/gourangaseva.com\/kirtan\/wp-json\/wp\/v2\/pages\/91\/revisions\/7226"}],"wp:attachment":[{"href":"https:\/\/gourangaseva.com\/kirtan\/wp-json\/wp\/v2\/media?parent=91"}],"curies":[{"name":"wp","href":"https:\/\/api.w.org\/{rel}","templated":true}]}}