{"id":87,"date":"2015-10-22T03:17:26","date_gmt":"2015-10-22T03:17:26","guid":{"rendered":"http:\/\/demo.thimpress.com\/eduma\/?page_id=87"},"modified":"2019-08-31T03:11:02","modified_gmt":"2019-08-31T03:11:02","slug":"contato","status":"publish","type":"page","link":"https:\/\/gourangaseva.com\/kirtan\/contato\/","title":{"rendered":"Contato"},"content":{"rendered":"<div id=\"pl-87\"  class=\"panel-layout\" ><div id=\"pg-87-0\"  class=\"panel-grid panel-no-style\" ><div id=\"pgc-87-0-0\"  class=\"panel-grid-cell\" ><div id=\"panel-87-0-0-0\" class=\"so-panel widget widget_heading panel-first-child\" data-index=\"0\" ><div class=\"panel-widget-style panel-widget-style-for-87-0-0-0\" ><div class=\"thim-widget-heading template-base\"><div class=\"sc_heading  text-left\"><h3 style=\"text-transform: uppercase;\" class=\"title\">Contato<\/h3><p class=\"sub-heading\" style=\"\">Bem vindo ao nosso site. Estamos contente em t\u00ea-lo conosco.<\/p><span class=\"line\"><\/span><\/div><\/div><\/div><\/div><div id=\"panel-87-0-0-1\" class=\"so-panel widget widget_siteorigin-panels-builder\" data-index=\"1\" ><div class=\"thim-border-top panel-widget-style panel-widget-style-for-87-0-0-1\" ><div id=\"pl-w5b7389b0a36d4\"  class=\"panel-layout\" ><div id=\"pg-w5b7389b0a36d4-0\"  class=\"panel-grid panel-no-style\" ><div id=\"pgc-w5b7389b0a36d4-0-0\"  class=\"panel-grid-cell\" ><div id=\"panel-w5b7389b0a36d4-0-0-0\" class=\"so-panel widget widget_icon-box panel-first-child panel-last-child\" data-index=\"0\" ><div class=\"thim-widget-icon-box template-base\"><div class=\"wrapper-box-icon text-left contact_info\" ><div class=\"smicon-box iconbox-left\" style=\"--icon-font-size:14px;--icon-color:#ffb606;--icon-width: 30px;\"><div class=\"boxes-icon\"><span class=\"inner-icon\"><span class=\"icon\"><i class=\"fa fa-phone\"\"><\/i><\/span><\/span><\/span><\/div><div class=\"content-inner\"><div class=\"sc-heading article_heading\"><h3 class = \"heading__primary\" >Whatsapp<\/h3><\/div><div class=\"desc-icon-box\"><div class=\"desc-content\" >(12) 99668-7338<\/div><\/div><\/div><\/div><\/div><\/div><\/div><\/div><div id=\"pgc-w5b7389b0a36d4-0-1\"  class=\"panel-grid-cell\" ><div id=\"panel-w5b7389b0a36d4-0-1-0\" class=\"so-panel widget widget_icon-box panel-first-child panel-last-child\" data-index=\"1\" ><div class=\"thim-widget-icon-box template-base\"><div class=\"wrapper-box-icon text-left contact_info\" ><div class=\"smicon-box iconbox-left\" style=\"--icon-font-size:14px;--icon-color:#ffb606;--icon-width: 30px;\"><div class=\"boxes-icon\"><span class=\"inner-icon\"><span class=\"icon\"><i class=\"fa fa-envelope\"\"><\/i><\/span><\/span><\/span><\/div><div class=\"content-inner\"><div class=\"sc-heading article_heading\"><h3 class = \"heading__primary\" >Email<\/h3><\/div><div class=\"desc-icon-box\"><div class=\"desc-content\" ><a href=\"mailto:kirtan@gourangaseva.com\">kirtan@gourangaseva.com<\/a><\/div><\/div><\/div><\/div><\/div><\/div><\/div><\/div><\/div><\/div><\/div><\/div><div id=\"panel-87-0-0-2\" class=\"so-panel widget widget_icon-box\" data-index=\"2\" ><div class=\"thim-border-top panel-widget-style panel-widget-style-for-87-0-0-2\" ><div class=\"thim-widget-icon-box template-base\"><div class=\"wrapper-box-icon text-left contact_info\" ><div class=\"smicon-box iconbox-left\" style=\"--icon-font-size:14px;--icon-color:#ffb606;--icon-width: 30px;\"><div class=\"boxes-icon\"><span class=\"inner-icon\"><span class=\"icon\"><i class=\"fa fa-map-marker\"\"><\/i><\/span><\/span><\/span><\/div><div class=\"content-inner\"><div class=\"sc-heading article_heading\"><h3 class = \"heading__primary\" >Endere\u00e7o<\/h3><\/div><div class=\"desc-icon-box\"><div class=\"desc-content\" >Fazenda Nova Gokula, Pindamonhangaba - SP<\/div><\/div><\/div><\/div><\/div><\/div><\/div><\/div><div id=\"panel-87-0-0-3\" class=\"so-panel widget widget_social panel-last-child\" data-index=\"3\" ><div class=\"thim-border-top panel-widget-style panel-widget-style-for-87-0-0-3\" ><div class=\"thim-widget-social template-base\"><div class=\"thim-social\">\n\t\t<ul class=\"social_link\">\n\t\t<li><a class=\"facebook hasTooltip\" href=\"#\" target=\"_self\"><i class=\"fa fa-facebook\"><\/i><\/a><\/li><li><a class=\"instagram hasTooltip\" href=\"#\" target=\"_self\" ><i class=\"fa fa-instagram\"><\/i><\/a><\/li><li><a class=\"youtube hasTooltip\" href=\"#\" target=\"_self\" ><i class=\"fa fa-youtube\"><\/i><\/a><\/li>\t<\/ul>\n<\/div><\/div><\/div><\/div><\/div><div id=\"pgc-87-0-1\"  class=\"panel-grid-cell panel-grid-cell-empty\" ><\/div><div id=\"pgc-87-0-2\"  class=\"panel-grid-cell\" ><div id=\"panel-87-0-2-0\" class=\"so-panel widget widget_heading panel-first-child\" data-index=\"4\" ><div class=\"panel-widget-style panel-widget-style-for-87-0-2-0\" ><div class=\"thim-widget-heading template-base\"><div class=\"sc_heading  text-left\"><h3 style=\"text-transform: uppercase;\" class=\"title\">Envie uma Mensagem<\/h3><p class=\"sub-heading\" style=\"\">Seu endere\u00e7o de e-mail n\u00e3o ser\u00e1 publicado.<\/p><span class=\"line\"><\/span><\/div><\/div><\/div><\/div><div id=\"panel-87-0-2-1\" class=\"so-panel widget widget_text panel-last-child\" data-index=\"5\" >\t\t\t<div class=\"textwidget\">\n<div class=\"wpcf7 no-js\" id=\"wpcf7-f6020-o1\" lang=\"en-US\" dir=\"ltr\" data-wpcf7-id=\"6020\">\n<div class=\"screen-reader-response\"><p role=\"status\" aria-live=\"polite\" aria-atomic=\"true\"><\/p> <ul><\/ul><\/div>\n<form action=\"\/kirtan\/wp-json\/wp\/v2\/pages\/87#wpcf7-f6020-o1\" method=\"post\" class=\"wpcf7-form init\" aria-label=\"Contact form\" novalidate=\"novalidate\" data-status=\"init\">\n<div style=\"display: none;\">\n<input type=\"hidden\" name=\"_wpcf7\" value=\"6020\" \/>\n<input type=\"hidden\" name=\"_wpcf7_version\" value=\"6.0.6\" \/>\n<input type=\"hidden\" name=\"_wpcf7_locale\" value=\"en_US\" \/>\n<input type=\"hidden\" name=\"_wpcf7_unit_tag\" value=\"wpcf7-f6020-o1\" \/>\n<input type=\"hidden\" name=\"_wpcf7_container_post\" value=\"0\" \/>\n<input type=\"hidden\" name=\"_wpcf7_posted_data_hash\" value=\"\" \/>\n<\/div>\n<p><span class=\"wpcf7-form-control-wrap\" data-name=\"your-name\"><input size=\"40\" maxlength=\"400\" class=\"wpcf7-form-control wpcf7-text wpcf7-validates-as-required\" aria-required=\"true\" aria-invalid=\"false\" placeholder=\"Nome *\" value=\"\" type=\"text\" name=\"your-name\" \/><\/span>\n<\/p>\n<p><span class=\"wpcf7-form-control-wrap\" data-name=\"your-email\"><input size=\"40\" maxlength=\"400\" class=\"wpcf7-form-control wpcf7-email wpcf7-validates-as-required wpcf7-text wpcf7-validates-as-email\" aria-required=\"true\" aria-invalid=\"false\" placeholder=\"Email *\" value=\"\" type=\"email\" name=\"your-email\" \/><\/span>\n<\/p>\n<p><span class=\"wpcf7-form-control-wrap\" data-name=\"your-subject\"><input size=\"40\" maxlength=\"400\" class=\"wpcf7-form-control wpcf7-text wpcf7-validates-as-required\" aria-required=\"true\" aria-invalid=\"false\" placeholder=\"Assunto *\" value=\"\" type=\"text\" name=\"your-subject\" \/><\/span>\n<\/p>\n<p><span class=\"wpcf7-form-control-wrap\" data-name=\"your-message\"><textarea cols=\"40\" rows=\"10\" maxlength=\"2000\" class=\"wpcf7-form-control wpcf7-textarea wpcf7-validates-as-required\" aria-required=\"true\" aria-invalid=\"false\" placeholder=\"Mensagem *\" name=\"your-message\"><\/textarea><\/span>\n<\/p>\n<p><input class=\"wpcf7-form-control wpcf7-submit has-spinner\" type=\"submit\" value=\"Enviar\" \/>\n<\/p><div class=\"wpcf7-response-output\" aria-hidden=\"true\"><\/div>\n<\/form>\n<\/div>\n\n<\/div>\n\t\t<\/div><\/div><\/div><div id=\"pg-87-1\"  class=\"panel-grid panel-has-style\" ><div class=\"thim-bg-overlay text-center siteorigin-panels-stretch panel-row-style panel-row-style-for-87-1\" data-stretch-type=\"full\" ><div id=\"pgc-87-1-0\"  class=\"panel-grid-cell\" ><div id=\"panel-87-1-0-0\" class=\"so-panel widget widget_heading panel-first-child\" data-index=\"6\" ><div class=\"panel-widget-style panel-widget-style-for-87-1-0-0\" ><div class=\"thim-widget-heading template-base\"><div class=\"sc_heading  text-center\"><h3 style=\"text-transform: uppercase;color:#ffffff;\" class=\"title\">Assine para receber NOVIDADES<\/h3><span style=\"background-color:#ffffff\" class=\"line\"><\/span><\/div><\/div><\/div><\/div><div id=\"panel-87-1-0-1\" class=\"so-panel widget widget_text panel-last-child\" data-index=\"7\" >\t\t\t<div class=\"textwidget\"><script>(function() {\n\twindow.mc4wp = window.mc4wp || {\n\t\tlisteners: [],\n\t\tforms: {\n\t\t\ton: function(evt, cb) {\n\t\t\t\twindow.mc4wp.listeners.push(\n\t\t\t\t\t{\n\t\t\t\t\t\tevent   : evt,\n\t\t\t\t\t\tcallback: cb\n\t\t\t\t\t}\n\t\t\t\t);\n\t\t\t}\n\t\t}\n\t}\n})();\n<\/script><!-- Mailchimp for WordPress v4.10.4 - https:\/\/wordpress.org\/plugins\/mailchimp-for-wp\/ --><form id=\"mc4wp-form-1\" class=\"mc4wp-form mc4wp-form-3383 mc4wp-form-basic\" method=\"post\" data-id=\"3383\" data-name=\"Default sign-up form\" ><div class=\"mc4wp-form-fields\"><input type=\"email\" id=\"mc4wp_email\" name=\"EMAIL\" placeholder=\"Seu e-mail aqui\" required \/><input type=\"submit\" value=\"Assine\" \/><\/div><label style=\"display: none !important;\">Leave this field empty if you're human: <input type=\"text\" name=\"_mc4wp_honeypot\" value=\"\" tabindex=\"-1\" autocomplete=\"off\" \/><\/label><input type=\"hidden\" name=\"_mc4wp_timestamp\" value=\"1776959005\" \/><input type=\"hidden\" name=\"_mc4wp_form_id\" value=\"3383\" \/><input type=\"hidden\" name=\"_mc4wp_form_element_id\" value=\"mc4wp-form-1\" \/><div class=\"mc4wp-response\"><\/div><\/form><!-- \/ Mailchimp for WordPress Plugin -->\n<\/div>\n\t\t<\/div><\/div><\/div><\/div><\/div>","protected":false},"excerpt":{"rendered":"<p>ContatoBem vindo ao nosso site. Estamos contente em t\u00ea-lo conosco.Emailkirtan@gourangaseva.com<\/p>\n","protected":false},"author":2,"featured_media":0,"parent":0,"menu_order":0,"comment_status":"closed","ping_status":"closed","template":"","meta":{"footnotes":""},"class_list":["post-87","page","type-page","status-publish","hentry"],"_links":{"self":[{"href":"https:\/\/gourangaseva.com\/kirtan\/wp-json\/wp\/v2\/pages\/87","targetHints":{"allow":["GET"]}}],"collection":[{"href":"https:\/\/gourangaseva.com\/kirtan\/wp-json\/wp\/v2\/pages"}],"about":[{"href":"https:\/\/gourangaseva.com\/kirtan\/wp-json\/wp\/v2\/types\/page"}],"author":[{"embeddable":true,"href":"https:\/\/gourangaseva.com\/kirtan\/wp-json\/wp\/v2\/users\/2"}],"replies":[{"embeddable":true,"href":"https:\/\/gourangaseva.com\/kirtan\/wp-json\/wp\/v2\/comments?post=87"}],"version-history":[{"count":38,"href":"https:\/\/gourangaseva.com\/kirtan\/wp-json\/wp\/v2\/pages\/87\/revisions"}],"predecessor-version":[{"id":7105,"href":"https:\/\/gourangaseva.com\/kirtan\/wp-json\/wp\/v2\/pages\/87\/revisions\/7105"}],"wp:attachment":[{"href":"https:\/\/gourangaseva.com\/kirtan\/wp-json\/wp\/v2\/media?parent=87"}],"curies":[{"name":"wp","href":"https:\/\/api.w.org\/{rel}","templated":true}]}}