{"id":6334,"date":"2018-10-31T21:19:13","date_gmt":"2018-10-31T21:19:13","guid":{"rendered":"https:\/\/gourangaseva.com\/kirtan\/?page_id=6334"},"modified":"2019-08-28T03:10:51","modified_gmt":"2019-08-28T03:10:51","slug":"apoie-o-projeto","status":"publish","type":"page","link":"https:\/\/gourangaseva.com\/kirtan\/apoie-o-projeto\/","title":{"rendered":"Apoie o Projeto"},"content":{"rendered":"<div id=\"pl-6334\"  class=\"panel-layout\" ><div id=\"pg-6334-0\"  class=\"panel-grid panel-no-style\" ><div id=\"pgc-6334-0-0\"  class=\"panel-grid-cell\" ><div id=\"panel-6334-0-0-0\" class=\"so-panel widget widget_heading panel-first-child panel-last-child\" data-index=\"0\" ><div class=\"thim-widget-heading template-base\"><div class=\"sc_heading  text-left\"><h3 style=\"text-transform: uppercase;\" class=\"title\">Gostou do projeto, quer apoiar essa iniciativa?<\/h3><p class=\"sub-heading\" style=\"\">Se sentiu inspirado e gostaria de dar sua contribui\u00e7\u00e3o para que este projeto possa beneficiar mais e mais pessoas a cada dia?<br>\nTemos duas formas para doa\u00e7\u00e3o:<\/p><\/div><\/div><\/div><\/div><\/div><div id=\"pg-6334-1\"  class=\"panel-grid panel-no-style\" ><div id=\"pgc-6334-1-0\"  class=\"panel-grid-cell\" ><div id=\"panel-6334-1-0-0\" class=\"so-panel widget widget_text panel-first-child panel-last-child\" data-index=\"1\" ><h3 class=\"widget-title\">1 &#8211; Pagseguro<\/h3>\t\t\t<div class=\"textwidget\"><p>\u00b0 Voc\u00ea escolhe o valor a ser doado.<br \/>\n\u00b0 Realiza a doa\u00e7\u00e3o atrav\u00e9s do cart\u00e3o de cr\u00e9dito.<br \/>\n\u00b0 Conta com total seguran\u00e7a de seus dados.<br \/>\n\u00b0 Contribui para uma boa causa.<\/p>\n<\/div>\n\t\t<\/div><\/div><div id=\"pgc-6334-1-1\"  class=\"panel-grid-cell\" ><div id=\"panel-6334-1-1-0\" class=\"so-panel widget widget_text panel-first-child panel-last-child\" data-index=\"2\" ><h3 class=\"widget-title\">2- Dep\u00f3sito em conta<\/h3>\t\t\t<div class=\"textwidget\"><p>\u00b0 Voc\u00ea escolhe o valor a ser doado.<br \/>\n\u00b0 Realiza a doa\u00e7\u00e3o atrav\u00e9s de dep\u00f3sito ou transfer\u00eancia bancaria.<br \/>\n\u00b0 Contribui para uma boa causa.<\/p>\n<\/div>\n\t\t<\/div><\/div><\/div><div id=\"pg-6334-2\"  class=\"panel-grid panel-has-style\" ><div class=\"panel-row-style panel-row-style-for-6334-2\" ><div id=\"pgc-6334-2-0\"  class=\"panel-grid-cell\" ><div id=\"panel-6334-2-0-0\" class=\"widget_text so-panel widget widget_custom_html panel-first-child panel-last-child\" data-index=\"3\" ><div class=\"textwidget custom-html-widget\"><!-- INICIO FORMULARIO BOTAO PAGSEGURO -->\n                <form action=\"htttema pagina doa\u00e7\u00e3ops:\/\/pagseguro.uol.com.br\/checkout\/v2\/donation.html\" method=\"post\">\n                <!-- N\u00c3O EDITE OS COMANDOS DAS LINHAS ABAIXO -->\n                <input type=\"hidden\" name=\"currency\" value=\"BRL\">\n                <input type=\"hidden\" name=\"receiverEmail\" value=\"jayakirtana@gmail.com\">\n                <input type=\"hidden\" name=\"iot\" value=\"button\">\n                <input type=\"image\" src=\"https:\/\/stc.pagseguro.uol.com.br\/public\/img\/botoes\/doacoes\/120x53-doar-laranja.gif\" name=\"submit\" alt=\"Pague com PagSeguro - \u00e9 r\u00e1pido, gr\u00e1tis e seguro!\">\n                <\/form>\n                <!-- FINAL FORMULARIO BOTAO PAGSEGURO --><\/div><\/div><\/div><div id=\"pgc-6334-2-1\"  class=\"panel-grid-cell\" ><div id=\"panel-6334-2-1-0\" class=\"so-panel widget widget_text panel-first-child panel-last-child\" data-index=\"4\" >\t\t\t<div class=\"textwidget\"><p>* Banco do Brasil<br \/>\nAg. 1248-3<br \/>\nc\/c. 52566-9<br \/>\nCPF. 369.807.978-08<br \/>\nNome: Kirtana Rassa Peres Teixeira<\/p>\n<p>Obs: Favor enviar e-mail para kirtan@gourangaseva.com com os dados da doa\u00e7\u00e3o.<br \/>\nObrigado!<\/p>\n<\/div>\n\t\t<\/div><\/div><\/div><\/div><\/div>","protected":false},"excerpt":{"rendered":"<p>\u00b0 Voc\u00ea escolhe o valor a ser doado. \u00b0 Realiza a doa\u00e7\u00e3o atrav\u00e9s do cart\u00e3o de cr\u00e9dito. \u00b0 Conta com total seguran\u00e7a de seus dados. \u00b0 Contribui para uma boa causa. \u00b0 Voc\u00ea escolhe o valor a ser doado. \u00b0 &hellip; <\/p>\n","protected":false},"author":2,"featured_media":0,"parent":0,"menu_order":0,"comment_status":"closed","ping_status":"closed","template":"","meta":{"footnotes":""},"class_list":["post-6334","page","type-page","status-publish","hentry"],"_links":{"self":[{"href":"https:\/\/gourangaseva.com\/kirtan\/wp-json\/wp\/v2\/pages\/6334","targetHints":{"allow":["GET"]}}],"collection":[{"href":"https:\/\/gourangaseva.com\/kirtan\/wp-json\/wp\/v2\/pages"}],"about":[{"href":"https:\/\/gourangaseva.com\/kirtan\/wp-json\/wp\/v2\/types\/page"}],"author":[{"embeddable":true,"href":"https:\/\/gourangaseva.com\/kirtan\/wp-json\/wp\/v2\/users\/2"}],"replies":[{"embeddable":true,"href":"https:\/\/gourangaseva.com\/kirtan\/wp-json\/wp\/v2\/comments?post=6334"}],"version-history":[{"count":13,"href":"https:\/\/gourangaseva.com\/kirtan\/wp-json\/wp\/v2\/pages\/6334\/revisions"}],"predecessor-version":[{"id":7052,"href":"https:\/\/gourangaseva.com\/kirtan\/wp-json\/wp\/v2\/pages\/6334\/revisions\/7052"}],"wp:attachment":[{"href":"https:\/\/gourangaseva.com\/kirtan\/wp-json\/wp\/v2\/media?parent=6334"}],"curies":[{"name":"wp","href":"https:\/\/api.w.org\/{rel}","templated":true}]}}