{"id":6303,"date":"2018-09-21T04:41:38","date_gmt":"2018-09-21T04:41:38","guid":{"rendered":"https:\/\/gourangaseva.com\/kirtan\/?page_id=6303"},"modified":"2019-08-23T04:22:08","modified_gmt":"2019-08-23T04:22:08","slug":"harmonium","status":"publish","type":"page","link":"https:\/\/gourangaseva.com\/kirtan\/harmonium\/","title":{"rendered":"Harmonium"},"content":{"rendered":"<div id=\"pl-6303\"  class=\"panel-layout\" ><div id=\"pg-6303-0\"  class=\"panel-grid panel-no-style\" ><div id=\"pgc-6303-0-0\"  class=\"panel-grid-cell\" ><div id=\"panel-6303-0-0-0\" class=\"so-panel widget widget_text panel-first-child panel-last-child\" data-index=\"0\" ><h3 class=\"widget-title\">Um instrumento indispens\u00e1vel na \u00cdndia, usado no campo religioso, na m\u00fasica cl\u00e1ssica entre outros.<\/h3>\t\t\t<div class=\"textwidget\"><p>O harmonium pode ser comparado em seu funcionamento ao acorde\u00e3o, por meio de um fole o ar \u00e9 bombeado para um espa\u00e7o fechado, com o teclado abre-se passagem para o ar e as respectivas palhetas (\u201cl\u00ednguas\u201d met\u00e1licas que vibram \u00e0 passagem do ar sobre elas) produzem o som.<\/p>\n<p>Sua origem \u00e9 diferente do que muitos imaginam. Na realidade, a origem do instrumento foi um tipo de \u00f3rg\u00e3o utilizado em igrejas europeias durante a Idade M\u00e9dia, que lembrava muito um piano.<br \/>\nO instrumento chegou ao subcontinente indiano no s\u00e9culo 18, com a invas\u00e3o do ingleses. L\u00e1 ele passou por algumas modifica\u00e7\u00f5es: perdeu os pedais que bombeavam o ar e ganhou um fole para ser usado com a m\u00e3o, perdeu os p\u00e9s e se tornou um instrumento de ch\u00e3o. Adaptou-se muito bem ao estilo musical indiano por ser simples de ser tocado e acompanhar muito bem a voz.<br \/>\nAs sete notas utilizadas na escala da m\u00fasica cl\u00e1ssica indiana s\u00e3o shadja (\u0937\u0921\u094d\u091c), rishabh (\u090b\u0937\u092d), gandhar (\u0917\u093e\u0928\u094d\u0927\u093e\u0930), madhyam (\u092e\u0927\u094d\u092f\u092e), pancham (\u092a\u091e\u094d\u091a\u092e), dhaivat (\u0927\u0948\u0935\u0924) e nishad (\u0928\u093f\u0937\u093e\u0926), que s\u00e3o abreviadas para Sa, Ri ou Re, Ga, Ma, Pa, Dha, e Ni. O conjunto dessas notas \u00e9 conhecido por \u2018sargam\u2019 \u2013 um acr\u00f4nimo das consoantes das 5 primeiras notas.<\/p>\n<p>Aqui no Kirtan Seva o aluno aprender\u00e1 a identificar todas as partes do harmonium, as notas, a escala de acordo com o tom de sua voz, al\u00e9m de mantras e melodias variadas.<\/p>\n<\/div>\n\t\t<\/div><\/div><\/div><div id=\"pg-6303-1\"  class=\"panel-grid panel-no-style\" ><div id=\"pgc-6303-1-0\"  class=\"panel-grid-cell\" ><div id=\"panel-6303-1-0-0\" class=\"so-panel widget widget_empty-space panel-first-child panel-last-child\" data-index=\"1\" ><div class=\"thim-widget-empty-space template-base\"><div class=\"empty_space\" style=\"height:30px\"><\/div><\/div><\/div><\/div><\/div><div id=\"pg-6303-2\"  class=\"panel-grid panel-has-style\" ><div class=\"thim-buy-now thim-bg-overlay panel-row-style panel-row-style-for-6303-2\" ><div id=\"pgc-6303-2-0\"  class=\"panel-grid-cell\" ><div id=\"panel-6303-2-0-0\" class=\"so-panel widget widget_text panel-first-child panel-last-child\" data-index=\"2\" >\t\t\t<div class=\"textwidget\"><div class=\"thim-buy-now-desc\">\n<h3 class=\"heading\">Fa\u00e7a sua inscri\u00e7\u00e3o!<\/h3>\n<p class=\"description\">Clique no bot\u00e3o ao lado e comece a aprender agora.<\/p>\n<\/div>\n<\/div>\n\t\t<\/div><\/div><div id=\"pgc-6303-2-1\"  class=\"panel-grid-cell\" ><div id=\"panel-6303-2-1-0\" class=\"so-panel widget widget_button panel-first-child panel-last-child\" data-index=\"3\" ><div class=\"thim-widget-button template-base\"><a class=\"widget-button  normal\" href=\"https:\/\/gourangaseva.com\/kirtan\/account\/\">Increva-se<\/a><\/div><\/div><\/div><\/div><\/div><div id=\"pg-6303-3\"  class=\"panel-grid panel-no-style\" ><div id=\"pgc-6303-3-0\"  class=\"panel-grid-cell\" ><div id=\"panel-6303-3-0-0\" class=\"so-panel widget widget_empty-space panel-first-child\" data-index=\"4\" ><div class=\"thim-widget-empty-space template-base\"><div class=\"empty_space\" style=\"height:30px\"><\/div><\/div><\/div><div id=\"panel-6303-3-0-1\" class=\"so-panel widget widget_courses panel-last-child\" data-index=\"5\" ><div class=\"thim-widget-courses template-courses\">\t<div class=\"thim-widget-courses-wrapper\">\n\t\t<h3 class=\"widget-title\">M\u00f3dulos<\/h3>\t\t<div class=\"thim-course-grid thim-course-grid-instructor\">\n\t\t\t\t\t\t\t\t\t\t\t<div class=\"lpr_course course-grid-4\">\n\t\t\t\t\t<div class=\"course-item\">\n\t\t\t\t\t\t<div class=\"course-thumbnail\">\n\t\t\t\t\t\t\t<a href=\"https:\/\/gourangaseva.com\/kirtan\/cursos\/mridanga-introducao\/\">\n\t\t\t\t\t\t\t\t<img fetchpriority=\"high\" decoding=\"async\" src=\"https:\/\/gourangaseva.com\/kirtan\/wp-content\/uploads\/2019\/08\/Mrdanga.jpg\" alt=\"Mridanga &#8211; Introdu\u00e7\u00e3o\"  width=\"400\" height=\"267\">\t\t\t\t\t\t\t<\/a>\n\n\t\t\t\t\t\t\t<a class=\"course-readmore\" href=\"https:\/\/gourangaseva.com\/kirtan\/cursos\/mridanga-introducao\/\" >Leia mais<\/a>\t\t\t\t\t\t\t\n<div class=\"course-price\" itemprop=\"offers\" itemscope itemtype=\"http:\/\/schema.org\/Offer\">\n\n    <span class=\"course-item-price\"> <span class=\"price\">&#082;&#036; 140,00<\/span> <\/span>\n<\/div>\n\t\t\t\t\t\t<\/div>\n\n\t\t\t\t\t\t<div class=\"thim-course-content\">\n\t\t\t\t\t\t\t\n<div class=\"course-author\" itemscope itemtype=\"http:\/\/schema.org\/Person\">\n\t<a href=\"https:\/\/gourangaseva.com\/kirtan\/instructor\/jayakirtana\/\"><img decoding=\"async\" alt=\"User Avatar\" class=\"avatar\" src=\"\/\/www.gravatar.com\/avatar\/045682495856bdc5cfa28e786d5297d2?s=50&#038;r=g&#038;d=mm\" width=\"50\" height=\"50\" \/><\/a>\t<div class=\"author-contain\">\n\t\t<div class=\"value\" itemprop=\"name\">\n\t\t\t<a href=\"https:\/\/gourangaseva.com\/kirtan\/instructor\/jayakirtana\/\">Kirtana Teixeira<\/a>\t\t<\/div>\n\t<\/div>\n<\/div>\n<h2 class=\"course-title\"><a href=\"https:\/\/gourangaseva.com\/kirtan\/cursos\/mridanga-introducao\/\" rel=\"bookmark\">Mridanga &#8211; Introdu\u00e7\u00e3o<\/a><\/h2>\t\t\t\t\t\t\t\t<div class=\"course-meta\">\n\t\t\t\t\t\t\t\t\t<span><i class=\"lp-icon-user\"><\/i> 1000<\/span>\t\t\t\t\t\t\t\t\t\t<a href=\"https:\/\/gourangaseva.com\/kirtan\/categoria-curso\/mridanga\/\"> <i class=\"tk tk-tag1\"><\/i> Mridanga<\/a>\t\t\t\t\t\t\t\t\t\t\t\t\t\t\t\t\t<\/div>\n\t\t\t\t\t\t\t\t\t\t\t\t\t<\/div>\n\t\t\t\t\t<\/div>\n\t\t\t\t<\/div>\n\t\t\t\t\t\t\t\t\t\t\t<div class=\"lpr_course course-grid-4\">\n\t\t\t\t\t<div class=\"course-item\">\n\t\t\t\t\t\t<div class=\"course-thumbnail\">\n\t\t\t\t\t\t\t<a href=\"https:\/\/gourangaseva.com\/kirtan\/cursos\/learnpress-101\/\">\n\t\t\t\t\t\t\t\t<img decoding=\"async\" src=\"https:\/\/gourangaseva.com\/kirtan\/wp-content\/themes\/eduma\/images\/demo_images\/demo_image.jpg\" alt=\"Introduction LearnPress &#8211; LMS plugin\" >\t\t\t\t\t\t\t<\/a>\n\n\t\t\t\t\t\t\t<a class=\"course-readmore\" href=\"https:\/\/gourangaseva.com\/kirtan\/cursos\/learnpress-101\/\" >Leia mais<\/a>\t\t\t\t\t\t\t\n<div class=\"course-price free\" itemprop=\"offers\" itemscope itemtype=\"http:\/\/schema.org\/Offer\">\n\n    <span class=\"course-item-price\"><span class=\"free\">Free<\/span><\/span>\n<\/div>\n\t\t\t\t\t\t<\/div>\n\n\t\t\t\t\t\t<div class=\"thim-course-content\">\n\t\t\t\t\t\t\t\n<div class=\"course-author\" itemscope itemtype=\"http:\/\/schema.org\/Person\">\n\t<a href=\"https:\/\/gourangaseva.com\/kirtan\/instructor\/jayakirtana\/\"><img decoding=\"async\" alt=\"User Avatar\" class=\"avatar\" src=\"\/\/www.gravatar.com\/avatar\/045682495856bdc5cfa28e786d5297d2?s=50&#038;r=g&#038;d=mm\" width=\"50\" height=\"50\" \/><\/a>\t<div class=\"author-contain\">\n\t\t<div class=\"value\" itemprop=\"name\">\n\t\t\t<a href=\"https:\/\/gourangaseva.com\/kirtan\/instructor\/jayakirtana\/\">Kirtana Teixeira<\/a>\t\t<\/div>\n\t<\/div>\n<\/div>\n<h2 class=\"course-title\"><a href=\"https:\/\/gourangaseva.com\/kirtan\/cursos\/learnpress-101\/\" rel=\"bookmark\">Introduction LearnPress &#8211; LMS plugin<\/a><\/h2>\t\t\t\t\t\t\t\t<div class=\"course-meta\">\n\t\t\t\t\t\t\t\t\t<span><i class=\"lp-icon-user\"><\/i> 274<\/span>\t\t\t\t\t\t\t\t\t\t\t\t\t\t\t\t\t\t\t\t\t\t\t\t\t\t\t<\/div>\n\t\t\t\t\t\t\t\t\t\t\t\t\t<\/div>\n\t\t\t\t\t<\/div>\n\t\t\t\t<\/div>\n\t\t\t\t\t\t\t\t\t\t\t<div class=\"lpr_course course-grid-4\">\n\t\t\t\t\t<div class=\"course-item\">\n\t\t\t\t\t\t<div class=\"course-thumbnail\">\n\t\t\t\t\t\t\t<a href=\"https:\/\/gourangaseva.com\/kirtan\/cursos\/become-a-php-master-and-make-money-fast\/\">\n\t\t\t\t\t\t\t\t<img decoding=\"async\" src=\"https:\/\/gourangaseva.com\/kirtan\/wp-content\/uploads\/2015\/06\/course-2-2.jpg\" alt=\"Become a PHP Master and Make Money Fast\"  width=\"400\" height=\"230\">\t\t\t\t\t\t\t<\/a>\n\n\t\t\t\t\t\t\t<a class=\"course-readmore\" href=\"https:\/\/gourangaseva.com\/kirtan\/cursos\/become-a-php-master-and-make-money-fast\/\" >Leia mais<\/a>\t\t\t\t\t\t\t\n<div class=\"course-price\" itemprop=\"offers\" itemscope itemtype=\"http:\/\/schema.org\/Offer\">\n\n    <span class=\"course-item-price\"> <span class=\"price\">&#082;&#036; 80,00<\/span> <\/span>\n<\/div>\n\t\t\t\t\t\t<\/div>\n\n\t\t\t\t\t\t<div class=\"thim-course-content\">\n\t\t\t\t\t\t\t\n<div class=\"course-author\" itemscope itemtype=\"http:\/\/schema.org\/Person\">\n\t<a href=\"https:\/\/gourangaseva.com\/kirtan\/instructor\/jayakirtana\/\"><img decoding=\"async\" alt=\"User Avatar\" class=\"avatar\" src=\"\/\/www.gravatar.com\/avatar\/045682495856bdc5cfa28e786d5297d2?s=50&#038;r=g&#038;d=mm\" width=\"50\" height=\"50\" \/><\/a>\t<div class=\"author-contain\">\n\t\t<div class=\"value\" itemprop=\"name\">\n\t\t\t<a href=\"https:\/\/gourangaseva.com\/kirtan\/instructor\/jayakirtana\/\">Kirtana Teixeira<\/a>\t\t<\/div>\n\t<\/div>\n<\/div>\n<h2 class=\"course-title\"><a href=\"https:\/\/gourangaseva.com\/kirtan\/cursos\/become-a-php-master-and-make-money-fast\/\" rel=\"bookmark\">Become a PHP Master and Make Money Fast<\/a><\/h2>\t\t\t\t\t\t\t\t<div class=\"course-meta\">\n\t\t\t\t\t\t\t\t\t<span><i class=\"lp-icon-user\"><\/i> 28<\/span>\t\t\t\t\t\t\t\t\t\t\t\t\t\t\t\t\t\t\t\t\t\t\t\t\t\t\t<\/div>\n\t\t\t\t\t\t\t\t\t\t\t\t\t<\/div>\n\t\t\t\t\t<\/div>\n\t\t\t\t<\/div>\n\t\t\t\t\t\t\t\t\t\t\t<div class=\"lpr_course course-grid-4\">\n\t\t\t\t\t<div class=\"course-item\">\n\t\t\t\t\t\t<div class=\"course-thumbnail\">\n\t\t\t\t\t\t\t<a href=\"https:\/\/gourangaseva.com\/kirtan\/cursos\/learning-jquery-mobile-for-beginners\/\">\n\t\t\t\t\t\t\t\t<img loading=\"lazy\" decoding=\"async\" src=\"https:\/\/gourangaseva.com\/kirtan\/wp-content\/uploads\/2015\/06\/course-5-2.jpg\" alt=\"Learning jQuery Mobile for Beginners\"  width=\"400\" height=\"230\">\t\t\t\t\t\t\t<\/a>\n\n\t\t\t\t\t\t\t<a class=\"course-readmore\" href=\"https:\/\/gourangaseva.com\/kirtan\/cursos\/learning-jquery-mobile-for-beginners\/\" >Leia mais<\/a>\t\t\t\t\t\t\t\n<div class=\"course-price\" itemprop=\"offers\" itemscope itemtype=\"http:\/\/schema.org\/Offer\">\n\n    <span class=\"course-item-price\"> <span class=\"price\">&#082;&#036; 30,00<\/span> <\/span>\n<\/div>\n\t\t\t\t\t\t<\/div>\n\n\t\t\t\t\t\t<div class=\"thim-course-content\">\n\t\t\t\t\t\t\t\n<div class=\"course-author\" itemscope itemtype=\"http:\/\/schema.org\/Person\">\n\t<a href=\"https:\/\/gourangaseva.com\/kirtan\/instructor\/jayakirtana\/\"><img decoding=\"async\" alt=\"User Avatar\" class=\"avatar\" src=\"\/\/www.gravatar.com\/avatar\/045682495856bdc5cfa28e786d5297d2?s=50&#038;r=g&#038;d=mm\" width=\"50\" height=\"50\" \/><\/a>\t<div class=\"author-contain\">\n\t\t<div class=\"value\" itemprop=\"name\">\n\t\t\t<a href=\"https:\/\/gourangaseva.com\/kirtan\/instructor\/jayakirtana\/\">Kirtana Teixeira<\/a>\t\t<\/div>\n\t<\/div>\n<\/div>\n<h2 class=\"course-title\"><a href=\"https:\/\/gourangaseva.com\/kirtan\/cursos\/learning-jquery-mobile-for-beginners\/\" rel=\"bookmark\">Learning jQuery Mobile for Beginners<\/a><\/h2>\t\t\t\t\t\t\t\t<div class=\"course-meta\">\n\t\t\t\t\t\t\t\t\t<span><i class=\"lp-icon-user\"><\/i> 32<\/span>\t\t\t\t\t\t\t\t\t\t\t\t\t\t\t\t\t\t\t\t\t\t\t\t\t\t\t<\/div>\n\t\t\t\t\t\t\t\t\t\t\t\t\t<\/div>\n\t\t\t\t\t<\/div>\n\t\t\t\t<\/div>\n\t\t\t\t\t\t\t\t\t\t\t<div class=\"lpr_course course-grid-4\">\n\t\t\t\t\t<div class=\"course-item\">\n\t\t\t\t\t\t<div class=\"course-thumbnail\">\n\t\t\t\t\t\t\t<a href=\"https:\/\/gourangaseva.com\/kirtan\/cursos\/html5css3-essentials-in-4-hours\/\">\n\t\t\t\t\t\t\t\t<img decoding=\"async\" src=\"https:\/\/gourangaseva.com\/kirtan\/wp-content\/themes\/eduma\/images\/demo_images\/demo_image.jpg\" alt=\"HTML5\/CSS3 Essentials in 4-Hours\" >\t\t\t\t\t\t\t<\/a>\n\n\t\t\t\t\t\t\t<a class=\"course-readmore\" href=\"https:\/\/gourangaseva.com\/kirtan\/cursos\/html5css3-essentials-in-4-hours\/\" >Leia mais<\/a>\t\t\t\t\t\t\t\n<div class=\"course-price\" itemprop=\"offers\" itemscope itemtype=\"http:\/\/schema.org\/Offer\">\n\n    <span class=\"course-item-price\"> <span class=\"price\">&#082;&#036; 36,00<\/span> <\/span>\n<\/div>\n\t\t\t\t\t\t<\/div>\n\n\t\t\t\t\t\t<div class=\"thim-course-content\">\n\t\t\t\t\t\t\t\n<div class=\"course-author\" itemscope itemtype=\"http:\/\/schema.org\/Person\">\n\t<a href=\"https:\/\/gourangaseva.com\/kirtan\/instructor\/jayakirtana\/\"><img decoding=\"async\" alt=\"User Avatar\" class=\"avatar\" src=\"\/\/www.gravatar.com\/avatar\/045682495856bdc5cfa28e786d5297d2?s=50&#038;r=g&#038;d=mm\" width=\"50\" height=\"50\" \/><\/a>\t<div class=\"author-contain\">\n\t\t<div class=\"value\" itemprop=\"name\">\n\t\t\t<a href=\"https:\/\/gourangaseva.com\/kirtan\/instructor\/jayakirtana\/\">Kirtana Teixeira<\/a>\t\t<\/div>\n\t<\/div>\n<\/div>\n<h2 class=\"course-title\"><a href=\"https:\/\/gourangaseva.com\/kirtan\/cursos\/html5css3-essentials-in-4-hours\/\" rel=\"bookmark\">HTML5\/CSS3 Essentials in 4-Hours<\/a><\/h2>\t\t\t\t\t\t\t\t<div class=\"course-meta\">\n\t\t\t\t\t\t\t\t\t<span><i class=\"lp-icon-user\"><\/i> 26<\/span>\t\t\t\t\t\t\t\t\t\t\t\t\t\t\t\t\t\t\t\t\t\t\t\t\t\t\t<\/div>\n\t\t\t\t\t\t\t\t\t\t\t\t\t<\/div>\n\t\t\t\t\t<\/div>\n\t\t\t\t<\/div>\n\t\t\t\t\t\t\t\t\t\t\t<div class=\"lpr_course course-grid-4\">\n\t\t\t\t\t<div class=\"course-item\">\n\t\t\t\t\t\t<div class=\"course-thumbnail\">\n\t\t\t\t\t\t\t<a href=\"https:\/\/gourangaseva.com\/kirtan\/cursos\/the-art-of-black-and-white-photography\/\">\n\t\t\t\t\t\t\t\t<img loading=\"lazy\" decoding=\"async\" src=\"https:\/\/gourangaseva.com\/kirtan\/wp-content\/uploads\/2015\/12\/course-10-2.jpg\" alt=\"The Art of Black and White Photography\"  width=\"400\" height=\"230\">\t\t\t\t\t\t\t<\/a>\n\n\t\t\t\t\t\t\t<a class=\"course-readmore\" href=\"https:\/\/gourangaseva.com\/kirtan\/cursos\/the-art-of-black-and-white-photography\/\" >Leia mais<\/a>\t\t\t\t\t\t\t\n<div class=\"course-price\" itemprop=\"offers\" itemscope itemtype=\"http:\/\/schema.org\/Offer\">\n\n    <span class=\"course-item-price\"> <span class=\"price\">&#082;&#036; 55,00<\/span> <\/span>\n<\/div>\n\t\t\t\t\t\t<\/div>\n\n\t\t\t\t\t\t<div class=\"thim-course-content\">\n\t\t\t\t\t\t\t\n<div class=\"course-author\" itemscope itemtype=\"http:\/\/schema.org\/Person\">\n\t<a href=\"https:\/\/gourangaseva.com\/kirtan\/instructor\/jayakirtana\/\"><img decoding=\"async\" alt=\"User Avatar\" class=\"avatar\" src=\"\/\/www.gravatar.com\/avatar\/045682495856bdc5cfa28e786d5297d2?s=50&#038;r=g&#038;d=mm\" width=\"50\" height=\"50\" \/><\/a>\t<div class=\"author-contain\">\n\t\t<div class=\"value\" itemprop=\"name\">\n\t\t\t<a href=\"https:\/\/gourangaseva.com\/kirtan\/instructor\/jayakirtana\/\">Kirtana Teixeira<\/a>\t\t<\/div>\n\t<\/div>\n<\/div>\n<h2 class=\"course-title\"><a href=\"https:\/\/gourangaseva.com\/kirtan\/cursos\/the-art-of-black-and-white-photography\/\" rel=\"bookmark\">The Art of Black and White Photography<\/a><\/h2>\t\t\t\t\t\t\t\t<div class=\"course-meta\">\n\t\t\t\t\t\t\t\t\t<span><i class=\"lp-icon-user\"><\/i> 27<\/span>\t\t\t\t\t\t\t\t\t\t\t\t\t\t\t\t\t\t\t\t\t\t\t\t\t\t\t<\/div>\n\t\t\t\t\t\t\t\t\t\t\t\t\t<\/div>\n\t\t\t\t\t<\/div>\n\t\t\t\t<\/div>\n\t\t\t\t\t\t\t\t\t\t\t<div class=\"lpr_course course-grid-4\">\n\t\t\t\t\t<div class=\"course-item\">\n\t\t\t\t\t\t<div class=\"course-thumbnail\">\n\t\t\t\t\t\t\t<a href=\"https:\/\/gourangaseva.com\/kirtan\/cursos\/introduction-to-networking-for-beginners\/\">\n\t\t\t\t\t\t\t\t<img loading=\"lazy\" decoding=\"async\" src=\"https:\/\/gourangaseva.com\/kirtan\/wp-content\/uploads\/2015\/12\/course-16-2.jpg\" alt=\"Introduction to networking for beginners\"  width=\"400\" height=\"230\">\t\t\t\t\t\t\t<\/a>\n\n\t\t\t\t\t\t\t<a class=\"course-readmore\" href=\"https:\/\/gourangaseva.com\/kirtan\/cursos\/introduction-to-networking-for-beginners\/\" >Leia mais<\/a>\t\t\t\t\t\t\t\n<div class=\"course-price\" itemprop=\"offers\" itemscope itemtype=\"http:\/\/schema.org\/Offer\">\n\n    <span class=\"course-item-price\"> <span class=\"price\">&#082;&#036; 50,00<\/span> <\/span>\n<\/div>\n\t\t\t\t\t\t<\/div>\n\n\t\t\t\t\t\t<div class=\"thim-course-content\">\n\t\t\t\t\t\t\t\n<div class=\"course-author\" itemscope itemtype=\"http:\/\/schema.org\/Person\">\n\t<a href=\"https:\/\/gourangaseva.com\/kirtan\/instructor\/jayakirtana\/\"><img decoding=\"async\" alt=\"User Avatar\" class=\"avatar\" src=\"\/\/www.gravatar.com\/avatar\/045682495856bdc5cfa28e786d5297d2?s=50&#038;r=g&#038;d=mm\" width=\"50\" height=\"50\" \/><\/a>\t<div class=\"author-contain\">\n\t\t<div class=\"value\" itemprop=\"name\">\n\t\t\t<a href=\"https:\/\/gourangaseva.com\/kirtan\/instructor\/jayakirtana\/\">Kirtana Teixeira<\/a>\t\t<\/div>\n\t<\/div>\n<\/div>\n<h2 class=\"course-title\"><a href=\"https:\/\/gourangaseva.com\/kirtan\/cursos\/introduction-to-networking-for-beginners\/\" rel=\"bookmark\">Introduction to networking for beginners<\/a><\/h2>\t\t\t\t\t\t\t\t<div class=\"course-meta\">\n\t\t\t\t\t\t\t\t\t<span><i class=\"lp-icon-user\"><\/i> 10<\/span>\t\t\t\t\t\t\t\t\t\t\t\t\t\t\t\t\t\t\t\t\t\t\t\t\t\t\t<\/div>\n\t\t\t\t\t\t\t\t\t\t\t\t\t<\/div>\n\t\t\t\t\t<\/div>\n\t\t\t\t<\/div>\n\t\t\t\t\t\t\t\t\t\t\t<div class=\"lpr_course course-grid-4\">\n\t\t\t\t\t<div class=\"course-item\">\n\t\t\t\t\t\t<div class=\"course-thumbnail\">\n\t\t\t\t\t\t\t<a href=\"https:\/\/gourangaseva.com\/kirtan\/cursos\/your-complete-guide-to-photography\/\">\n\t\t\t\t\t\t\t\t<img loading=\"lazy\" decoding=\"async\" src=\"https:\/\/gourangaseva.com\/kirtan\/wp-content\/uploads\/2015\/11\/course-9-2.jpg\" alt=\"Your Complete Guide to Photography\"  width=\"400\" height=\"230\">\t\t\t\t\t\t\t<\/a>\n\n\t\t\t\t\t\t\t<a class=\"course-readmore\" href=\"https:\/\/gourangaseva.com\/kirtan\/cursos\/your-complete-guide-to-photography\/\" >Leia mais<\/a>\t\t\t\t\t\t\t\n<div class=\"course-price\" itemprop=\"offers\" itemscope itemtype=\"http:\/\/schema.org\/Offer\">\n\n    <span class=\"course-item-price\"> <span class=\"price\">&#082;&#036; 39,00<\/span> <\/span>\n<\/div>\n\t\t\t\t\t\t<\/div>\n\n\t\t\t\t\t\t<div class=\"thim-course-content\">\n\t\t\t\t\t\t\t\n<div class=\"course-author\" itemscope itemtype=\"http:\/\/schema.org\/Person\">\n\t<a href=\"https:\/\/gourangaseva.com\/kirtan\/instructor\/jayakirtana\/\"><img decoding=\"async\" alt=\"User Avatar\" class=\"avatar\" src=\"\/\/www.gravatar.com\/avatar\/045682495856bdc5cfa28e786d5297d2?s=50&#038;r=g&#038;d=mm\" width=\"50\" height=\"50\" \/><\/a>\t<div class=\"author-contain\">\n\t\t<div class=\"value\" itemprop=\"name\">\n\t\t\t<a href=\"https:\/\/gourangaseva.com\/kirtan\/instructor\/jayakirtana\/\">Kirtana Teixeira<\/a>\t\t<\/div>\n\t<\/div>\n<\/div>\n<h2 class=\"course-title\"><a href=\"https:\/\/gourangaseva.com\/kirtan\/cursos\/your-complete-guide-to-photography\/\" rel=\"bookmark\">Your Complete Guide to Photography<\/a><\/h2>\t\t\t\t\t\t\t\t<div class=\"course-meta\">\n\t\t\t\t\t\t\t\t\t<span><i class=\"lp-icon-user\"><\/i> 45<\/span>\t\t\t\t\t\t\t\t\t\t\t\t\t\t\t\t\t\t\t\t\t\t\t\t\t\t\t<\/div>\n\t\t\t\t\t\t\t\t\t\t\t\t\t<\/div>\n\t\t\t\t\t<\/div>\n\t\t\t\t<\/div>\n\t\t\t\t\t<\/div>\n\t\t<div class=\"number-courses\">\n\t\t\t<span class=\"course-text\">\n\t\t\t\tThere are  courses of 19\t\t\t<\/span>\n\n\t\t<\/div>\n\t\t\t<\/div>\n<\/div><\/div><\/div><\/div><\/div>","protected":false},"excerpt":{"rendered":"<p>O harmonium pode ser comparado em seu funcionamento ao acorde\u00e3o, por meio de um fole o ar \u00e9 bombeado para um espa\u00e7o fechado, com o teclado abre-se passagem para o ar e as respectivas palhetas (\u201cl\u00ednguas\u201d met\u00e1licas que vibram \u00e0 &hellip; <\/p>\n","protected":false},"author":2,"featured_media":0,"parent":0,"menu_order":0,"comment_status":"closed","ping_status":"closed","template":"","meta":{"footnotes":""},"class_list":["post-6303","page","type-page","status-publish","hentry"],"_links":{"self":[{"href":"https:\/\/gourangaseva.com\/kirtan\/wp-json\/wp\/v2\/pages\/6303","targetHints":{"allow":["GET"]}}],"collection":[{"href":"https:\/\/gourangaseva.com\/kirtan\/wp-json\/wp\/v2\/pages"}],"about":[{"href":"https:\/\/gourangaseva.com\/kirtan\/wp-json\/wp\/v2\/types\/page"}],"author":[{"embeddable":true,"href":"https:\/\/gourangaseva.com\/kirtan\/wp-json\/wp\/v2\/users\/2"}],"replies":[{"embeddable":true,"href":"https:\/\/gourangaseva.com\/kirtan\/wp-json\/wp\/v2\/comments?post=6303"}],"version-history":[{"count":91,"href":"https:\/\/gourangaseva.com\/kirtan\/wp-json\/wp\/v2\/pages\/6303\/revisions"}],"predecessor-version":[{"id":6978,"href":"https:\/\/gourangaseva.com\/kirtan\/wp-json\/wp\/v2\/pages\/6303\/revisions\/6978"}],"wp:attachment":[{"href":"https:\/\/gourangaseva.com\/kirtan\/wp-json\/wp\/v2\/media?parent=6303"}],"curies":[{"name":"wp","href":"https:\/\/api.w.org\/{rel}","templated":true}]}}