{"id":2958,"date":"2015-11-20T10:22:44","date_gmt":"2015-11-20T10:22:44","guid":{"rendered":"http:\/\/demo.thimpress.com\/eduma\/?page_id=2958"},"modified":"2019-08-23T02:49:16","modified_gmt":"2019-08-23T02:49:16","slug":"account","status":"publish","type":"page","link":"https:\/\/gourangaseva.com\/kirtan\/account\/","title":{"rendered":"Account"},"content":{"rendered":"<div id=\"pl-2958\"  class=\"panel-layout\" ><div id=\"pg-2958-0\"  class=\"panel-grid panel-no-style\" ><div id=\"pgc-2958-0-0\"  class=\"panel-grid-cell\" ><div id=\"panel-2958-0-0-0\" class=\"so-panel widget widget_text panel-first-child panel-last-child\" data-index=\"0\" >\t\t\t<div class=\"textwidget\">[miniorange_social_login shape=\"longbuttonwithtext\" theme=\"default\" space=\"4\" width=\"240\" height=\"40\"]<\/div>\n\t\t<\/div><\/div><\/div><div id=\"pg-2958-1\"  class=\"panel-grid panel-no-style\" ><div id=\"pgc-2958-1-0\"  class=\"panel-grid-cell\" ><div id=\"panel-2958-1-0-0\" class=\"so-panel widget widget_login-form panel-first-child panel-last-child\" data-index=\"1\" ><div class=\"thim-widget-login-form template-base\">\n<div id=\"thim-form-login\">\n\t<div class=\"thim-login-container\">\n\t\t<div class=\"thim-login form-submission-login\">\n\t\t\t<h2 class=\"title\">Fa\u00e7a login com sua conta de site<\/h2>\n\t\t\t<form name=\"loginform\" action=\"https:\/\/gourangaseva.com\/kirtan\/wp-login.php\"\n\t\t\t\tmethod=\"post\" novalidate>\n\t\t\t\t<p class=\"login-username\">\n\t\t\t\t\t<input type=\"text\" name=\"log\" placeholder=\"Nome de usu\u00e1rio ou email\n\"\n\t\t\t\t\t\tclass=\"input required\" size=\"20\"\/>\n\t\t\t\t<\/p>\n\t\t\t\t<p class=\"login-password\">\n\t\t\t\t\t<input type=\"password\" name=\"pwd\" placeholder=\"Senha\"\n\t\t\t\t\t\tclass=\"input required\" value=\"\" size=\"20\"\/>\n\t\t\t\t<\/p>\n\t\t\t\t\t\t\t\t\t\t\t\t<a class=\"lost-pass-link\" href=\"https:\/\/gourangaseva.com\/kirtan\/account\/?action=lostpassword\" title=\"Perda de senha\">Perdeu sua senha?<\/a>\t\t\t\t<p class=\"forgetmenot login-remember\">\n\t\t\t\t\t<label for=\"rememberMe\">\n\t\t\t\t\t\t<input name=\"rememberme\" type=\"checkbox\" id=\"rememberMe\"\n\t\t\t\t\t\t\tvalue=\"forever\"\/> Lembre de mim\t\t\t\t\t<\/label>\n\t\t\t\t<\/p>\n\t\t\t\t<p class=\"submit login-submit\">\n\t\t\t\t\t<input type=\"submit\" name=\"wp-submit\" class=\"button button-primary button-large\"\n\t\t\t\t\t\tvalue=\"Conectar\"\/>\n\t\t\t\t\t<input type=\"hidden\" name=\"redirect_to\"\n\t\t\t\t\t\tvalue=\"https:\/\/gourangaseva.com\/kirtan\/wp-json\/wp\/v2\/pages\/2958\"\/>\n\t\t\t\t\t<input type=\"hidden\" name=\"testcookie\" value=\"1\"\/>\n\t\t\t\t\t<input type=\"hidden\" name=\"eduma_login_user\">\n\t\t\t\t<\/p>\n\t\t\t<\/form>\n\t\t\t\t\t<\/div>\n\t<\/div>\n<\/div>\n\n<\/div><\/div><\/div><\/div><div id=\"pg-2958-2\"  class=\"panel-grid panel-no-style\" ><div id=\"pgc-2958-2-0\"  class=\"panel-grid-cell\" ><div id=\"panel-2958-2-0-0\" class=\"so-panel widget widget_empty-space panel-first-child\" data-index=\"2\" ><div class=\"thim-widget-empty-space template-base\"><div class=\"empty_space\" style=\"height:70px\"><\/div><\/div><\/div><div id=\"panel-2958-2-0-1\" class=\"so-panel widget widget_heading\" data-index=\"3\" ><div class=\"thim-widget-heading template-base\"><div class=\"sc_heading  text-center\"><h3 style=\"text-transform: uppercase;\" class=\"title\">Depoimentos<\/h3><p class=\"sub-heading\" style=\"\">Veja a opini\u00e3o de quem j\u00e1 fez ou est\u00e1 fazendo os nossos cursos!<\/p><span class=\"line\"><\/span><\/div><\/div><\/div><div id=\"panel-2958-2-0-2\" class=\"so-panel widget widget_testimonials\" data-index=\"4\" ><div class=\"thim-widget-testimonials template-testimonials\">\n<div class=\"thim-testimonial-slider\" data-time=\"15000\" data-visible=\"5\" data-auto=\"1\" data-mousewheel=\"0\"><div class=\"item\"><div class=\"image\"><img decoding=\"async\" src=\"https:\/\/gourangaseva.com\/kirtan\/wp-content\/uploads\/2015\/11\/peter.jpg\" alt=\"peter\"  width=\"100\" height=\"100\"><\/div><div class=\"content\"><h3 class=\"title\">Peter Packer<\/h3><div class=\"regency\">Front-end Developer<\/div><div class=\"description\"><p>\u201c LearnPress WordPress LMS Plugin designed with flexible &#038; scalable eLearning system in mind. This WordPress eLearning Plugin comes up with 10+ addons (and counting) to extend the ability of this WordPress Learning Management System. This is incredible. \u201d<\/p>\n<\/div><\/div><\/div><div class=\"item\"><div class=\"image\"><img decoding=\"async\" src=\"https:\/\/gourangaseva.com\/kirtan\/wp-content\/uploads\/2015\/11\/manuel.jpg\" alt=\"manuel\"  width=\"100\" height=\"100\"><\/div><div class=\"content\"><h3 class=\"title\">Manuel<\/h3><div class=\"regency\">Designer<\/div><div class=\"description\"><p>\u201c LearnPress is a comprehensive LMS solution for WordPress. This WordPress LMS Plugin can be used to easily create &#038; sell courses online. Each course curriculum can be made with lessons &#038; quizzes which can be managed with easy-to-use user interface, it never gets easier with LearnPress. \u201d<\/p>\n<\/div><\/div><\/div><div class=\"item\"><div class=\"image\"><img decoding=\"async\" src=\"https:\/\/gourangaseva.com\/kirtan\/wp-content\/uploads\/2015\/11\/john-doe-1.jpg\" alt=\"john-doe\"  width=\"100\" height=\"100\"><\/div><div class=\"content\"><h3 class=\"title\">John Doe<\/h3><div class=\"regency\">Art director<\/div><div class=\"description\"><p>\u201c LearnPress is a WordPress complete solution for creating a Learning Management System (LMS). It can help me to create courses, lessons and quizzes and manage them as easy as I want. I&#8217;ve learned a lot, and I highly recommend it. Thank you. \u201d<\/p>\n<\/div><\/div><\/div><div class=\"item\"><div class=\"image\"><img loading=\"lazy\" decoding=\"async\" src=\"https:\/\/gourangaseva.com\/kirtan\/wp-content\/uploads\/2015\/11\/elsie-1.jpg\" alt=\"elsie\"  width=\"100\" height=\"100\"><\/div><div class=\"content\"><h3 class=\"title\">Elsie<\/h3><div class=\"regency\">Copyrighter<\/div><div class=\"description\"><p>\u201c You don&#8217;t need a whole ecommerce system to sell your online courses. Paypal, Stripe payment methods integration can help you sell your courses out of the box. In the case you wanna use WooCommerce, this awesome WordPress LMS Plugin will serve you well too. \u201d<\/p>\n<\/div><\/div><\/div><div class=\"item\"><div class=\"image\"><img loading=\"lazy\" decoding=\"async\" src=\"https:\/\/gourangaseva.com\/kirtan\/wp-content\/uploads\/2015\/11\/anthony-1.jpg\" alt=\"anthony\"  width=\"100\" height=\"100\"><\/div><div class=\"content\"><h3 class=\"title\">Anthony<\/h3><div class=\"regency\">CEO at Thimpress<\/div><div class=\"description\"><p>\u201c Education WP Theme is a comprehensive LMS solution for WordPress Theme. This beautiful theme based on LearnPress &#8211; the best WordPress LMS plugin. Education WP theme will bring you the best LMS experience ever with super friendly UX and complete eLearning features. \u201d<\/p>\n<\/div><\/div><\/div><\/div>\n\n<\/div><\/div><div id=\"panel-2958-2-0-3\" class=\"so-panel widget widget_empty-space\" data-index=\"5\" ><div class=\"thim-widget-empty-space template-base\"><div class=\"empty_space\" style=\"height:70px\"><\/div><\/div><\/div><div id=\"panel-2958-2-0-4\" class=\"so-panel widget widget_courses panel-last-child\" data-index=\"6\" ><div class=\"thim-widget-courses template-courses\">\t<div class=\"thim-widget-courses-wrapper\">\n\t\t<h3 class=\"widget-title\">Cursos<\/h3>\t\t<div class=\"thim-course-grid thim-course-grid-instructor\">\n\t\t\t\t\t\t\t\t\t\t\t<div class=\"lpr_course course-grid-4\">\n\t\t\t\t\t<div class=\"course-item\">\n\t\t\t\t\t\t<div class=\"course-thumbnail\">\n\t\t\t\t\t\t\t<a href=\"https:\/\/gourangaseva.com\/kirtan\/cursos\/mridanga-introducao\/\">\n\t\t\t\t\t\t\t\t<img loading=\"lazy\" decoding=\"async\" src=\"https:\/\/gourangaseva.com\/kirtan\/wp-content\/uploads\/2019\/08\/Mrdanga.jpg\" alt=\"Mridanga &#8211; Introdu\u00e7\u00e3o\"  width=\"400\" height=\"267\">\t\t\t\t\t\t\t<\/a>\n\n\t\t\t\t\t\t\t<a class=\"course-readmore\" href=\"https:\/\/gourangaseva.com\/kirtan\/cursos\/mridanga-introducao\/\" >Leia mais<\/a>\t\t\t\t\t\t\t\n<div class=\"course-price\" itemprop=\"offers\" itemscope itemtype=\"http:\/\/schema.org\/Offer\">\n\n    <span class=\"course-item-price\"> <span class=\"price\">&#082;&#036; 140,00<\/span> <\/span>\n<\/div>\n\t\t\t\t\t\t<\/div>\n\n\t\t\t\t\t\t<div class=\"thim-course-content\">\n\t\t\t\t\t\t\t\n<div class=\"course-author\" itemscope itemtype=\"http:\/\/schema.org\/Person\">\n\t<a href=\"https:\/\/gourangaseva.com\/kirtan\/instructor\/jayakirtana\/\"><img loading=\"lazy\" decoding=\"async\" alt=\"User Avatar\" class=\"avatar\" src=\"\/\/www.gravatar.com\/avatar\/045682495856bdc5cfa28e786d5297d2?s=50&#038;r=g&#038;d=mm\" width=\"50\" height=\"50\" \/><\/a>\t<div class=\"author-contain\">\n\t\t<div class=\"value\" itemprop=\"name\">\n\t\t\t<a href=\"https:\/\/gourangaseva.com\/kirtan\/instructor\/jayakirtana\/\">Kirtana Teixeira<\/a>\t\t<\/div>\n\t<\/div>\n<\/div>\n<h2 class=\"course-title\"><a href=\"https:\/\/gourangaseva.com\/kirtan\/cursos\/mridanga-introducao\/\" rel=\"bookmark\">Mridanga &#8211; Introdu\u00e7\u00e3o<\/a><\/h2>\t\t\t\t\t\t\t\t<div class=\"course-meta\">\n\t\t\t\t\t\t\t\t\t<span><i class=\"lp-icon-user\"><\/i> 1000<\/span>\t\t\t\t\t\t\t\t\t\t<a href=\"https:\/\/gourangaseva.com\/kirtan\/categoria-curso\/mridanga\/\"> <i class=\"tk tk-tag1\"><\/i> Mridanga<\/a>\t\t\t\t\t\t\t\t\t\t\t\t\t\t\t\t\t<\/div>\n\t\t\t\t\t\t\t\t\t\t\t\t\t<\/div>\n\t\t\t\t\t<\/div>\n\t\t\t\t<\/div>\n\t\t\t\t\t\t\t\t\t\t\t<div class=\"lpr_course course-grid-4\">\n\t\t\t\t\t<div class=\"course-item\">\n\t\t\t\t\t\t<div class=\"course-thumbnail\">\n\t\t\t\t\t\t\t<a href=\"https:\/\/gourangaseva.com\/kirtan\/cursos\/learnpress-101\/\">\n\t\t\t\t\t\t\t\t<img decoding=\"async\" src=\"https:\/\/gourangaseva.com\/kirtan\/wp-content\/themes\/eduma\/images\/demo_images\/demo_image.jpg\" alt=\"Introduction LearnPress &#8211; LMS plugin\" >\t\t\t\t\t\t\t<\/a>\n\n\t\t\t\t\t\t\t<a class=\"course-readmore\" href=\"https:\/\/gourangaseva.com\/kirtan\/cursos\/learnpress-101\/\" >Leia mais<\/a>\t\t\t\t\t\t\t\n<div class=\"course-price free\" itemprop=\"offers\" itemscope itemtype=\"http:\/\/schema.org\/Offer\">\n\n    <span class=\"course-item-price\"><span class=\"free\">Free<\/span><\/span>\n<\/div>\n\t\t\t\t\t\t<\/div>\n\n\t\t\t\t\t\t<div class=\"thim-course-content\">\n\t\t\t\t\t\t\t\n<div class=\"course-author\" itemscope itemtype=\"http:\/\/schema.org\/Person\">\n\t<a href=\"https:\/\/gourangaseva.com\/kirtan\/instructor\/jayakirtana\/\"><img loading=\"lazy\" decoding=\"async\" alt=\"User Avatar\" class=\"avatar\" src=\"\/\/www.gravatar.com\/avatar\/045682495856bdc5cfa28e786d5297d2?s=50&#038;r=g&#038;d=mm\" width=\"50\" height=\"50\" \/><\/a>\t<div class=\"author-contain\">\n\t\t<div class=\"value\" itemprop=\"name\">\n\t\t\t<a href=\"https:\/\/gourangaseva.com\/kirtan\/instructor\/jayakirtana\/\">Kirtana Teixeira<\/a>\t\t<\/div>\n\t<\/div>\n<\/div>\n<h2 class=\"course-title\"><a href=\"https:\/\/gourangaseva.com\/kirtan\/cursos\/learnpress-101\/\" rel=\"bookmark\">Introduction LearnPress &#8211; LMS plugin<\/a><\/h2>\t\t\t\t\t\t\t\t<div class=\"course-meta\">\n\t\t\t\t\t\t\t\t\t<span><i class=\"lp-icon-user\"><\/i> 274<\/span>\t\t\t\t\t\t\t\t\t\t\t\t\t\t\t\t\t\t\t\t\t\t\t\t\t\t\t<\/div>\n\t\t\t\t\t\t\t\t\t\t\t\t\t<\/div>\n\t\t\t\t\t<\/div>\n\t\t\t\t<\/div>\n\t\t\t\t\t\t\t\t\t\t\t<div class=\"lpr_course course-grid-4\">\n\t\t\t\t\t<div class=\"course-item\">\n\t\t\t\t\t\t<div class=\"course-thumbnail\">\n\t\t\t\t\t\t\t<a href=\"https:\/\/gourangaseva.com\/kirtan\/cursos\/node\/\">\n\t\t\t\t\t\t\t\t<img loading=\"lazy\" decoding=\"async\" src=\"https:\/\/gourangaseva.com\/kirtan\/wp-content\/uploads\/2015\/06\/course-1-1.jpg\" alt=\"From Zero to Hero with Nodejs\"  width=\"400\" height=\"230\">\t\t\t\t\t\t\t<\/a>\n\n\t\t\t\t\t\t\t<a class=\"course-readmore\" href=\"https:\/\/gourangaseva.com\/kirtan\/cursos\/node\/\" >Leia mais<\/a>\t\t\t\t\t\t\t\n<div class=\"course-price free\" itemprop=\"offers\" itemscope itemtype=\"http:\/\/schema.org\/Offer\">\n\n    <span class=\"course-item-price\"><span class=\"free\">Free<\/span><\/span>\n<\/div>\n\t\t\t\t\t\t<\/div>\n\n\t\t\t\t\t\t<div class=\"thim-course-content\">\n\t\t\t\t\t\t\t\n<div class=\"course-author\" itemscope itemtype=\"http:\/\/schema.org\/Person\">\n\t<a href=\"https:\/\/gourangaseva.com\/kirtan\/instructor\/adminwp\/\"><img loading=\"lazy\" decoding=\"async\" alt=\"User Avatar\" class=\"avatar\" src=\"\/\/www.gravatar.com\/avatar\/b2a1ac6019911ff52b856921642aad23?s=50&#038;r=g&#038;d=mm\" width=\"50\" height=\"50\" \/><\/a>\t<div class=\"author-contain\">\n\t\t<div class=\"value\" itemprop=\"name\">\n\t\t\t<a href=\"https:\/\/gourangaseva.com\/kirtan\/instructor\/adminwp\/\">adminwp<\/a>\t\t<\/div>\n\t<\/div>\n<\/div>\n<h2 class=\"course-title\"><a href=\"https:\/\/gourangaseva.com\/kirtan\/cursos\/node\/\" rel=\"bookmark\">From Zero to Hero with Nodejs<\/a><\/h2>\t\t\t\t\t\t\t\t<div class=\"course-meta\">\n\t\t\t\t\t\t\t\t\t<span><i class=\"lp-icon-user\"><\/i> 61<\/span>\t\t\t\t\t\t\t\t\t\t<a href=\"https:\/\/gourangaseva.com\/kirtan\/categoria-curso\/mridanga\/\"> <i class=\"tk tk-tag1\"><\/i> Mridanga<\/a>\t\t\t\t\t\t\t\t\t\t\t\t\t\t\t\t\t<\/div>\n\t\t\t\t\t\t\t\t\t\t\t\t\t<\/div>\n\t\t\t\t\t<\/div>\n\t\t\t\t<\/div>\n\t\t\t\t\t\t\t\t\t\t\t<div class=\"lpr_course course-grid-4\">\n\t\t\t\t\t<div class=\"course-item\">\n\t\t\t\t\t\t<div class=\"course-thumbnail\">\n\t\t\t\t\t\t\t<a href=\"https:\/\/gourangaseva.com\/kirtan\/cursos\/python\/\">\n\t\t\t\t\t\t\t\t<img loading=\"lazy\" decoding=\"async\" src=\"https:\/\/gourangaseva.com\/kirtan\/wp-content\/uploads\/2015\/12\/course-16-2.jpg\" alt=\"Learn Python &#8211; Interactive Python Tutorial\"  width=\"400\" height=\"230\">\t\t\t\t\t\t\t<\/a>\n\n\t\t\t\t\t\t\t<a class=\"course-readmore\" href=\"https:\/\/gourangaseva.com\/kirtan\/cursos\/python\/\" >Leia mais<\/a>\t\t\t\t\t\t\t\n<div class=\"course-price\" itemprop=\"offers\" itemscope itemtype=\"http:\/\/schema.org\/Offer\">\n\n    <span class=\"course-item-price\"> <span class=\"price\">&#082;&#036; 69,00<\/span> <\/span>\n<\/div>\n\t\t\t\t\t\t<\/div>\n\n\t\t\t\t\t\t<div class=\"thim-course-content\">\n\t\t\t\t\t\t\t\n<div class=\"course-author\" itemscope itemtype=\"http:\/\/schema.org\/Person\">\n\t<a href=\"https:\/\/gourangaseva.com\/kirtan\/instructor\/jayakirtana\/\"><img loading=\"lazy\" decoding=\"async\" alt=\"User Avatar\" class=\"avatar\" src=\"\/\/www.gravatar.com\/avatar\/045682495856bdc5cfa28e786d5297d2?s=50&#038;r=g&#038;d=mm\" width=\"50\" height=\"50\" \/><\/a>\t<div class=\"author-contain\">\n\t\t<div class=\"value\" itemprop=\"name\">\n\t\t\t<a href=\"https:\/\/gourangaseva.com\/kirtan\/instructor\/jayakirtana\/\">Kirtana Teixeira<\/a>\t\t<\/div>\n\t<\/div>\n<\/div>\n<h2 class=\"course-title\"><a href=\"https:\/\/gourangaseva.com\/kirtan\/cursos\/python\/\" rel=\"bookmark\">Learn Python &#8211; Interactive Python Tutorial<\/a><\/h2>\t\t\t\t\t\t\t\t<div class=\"course-meta\">\n\t\t\t\t\t\t\t\t\t<span><i class=\"lp-icon-user\"><\/i> 50<\/span>\t\t\t\t\t\t\t\t\t\t\t\t\t\t\t\t\t\t\t\t\t\t\t\t\t\t\t<\/div>\n\t\t\t\t\t\t\t\t\t\t\t\t\t<\/div>\n\t\t\t\t\t<\/div>\n\t\t\t\t<\/div>\n\t\t\t\t\t\t\t\t\t\t\t<div class=\"lpr_course course-grid-4\">\n\t\t\t\t\t<div class=\"course-item\">\n\t\t\t\t\t\t<div class=\"course-thumbnail\">\n\t\t\t\t\t\t\t<a href=\"https:\/\/gourangaseva.com\/kirtan\/cursos\/your-complete-guide-to-photography\/\">\n\t\t\t\t\t\t\t\t<img loading=\"lazy\" decoding=\"async\" src=\"https:\/\/gourangaseva.com\/kirtan\/wp-content\/uploads\/2015\/11\/course-9-2.jpg\" alt=\"Your Complete Guide to Photography\"  width=\"400\" height=\"230\">\t\t\t\t\t\t\t<\/a>\n\n\t\t\t\t\t\t\t<a class=\"course-readmore\" href=\"https:\/\/gourangaseva.com\/kirtan\/cursos\/your-complete-guide-to-photography\/\" >Leia mais<\/a>\t\t\t\t\t\t\t\n<div class=\"course-price\" itemprop=\"offers\" itemscope itemtype=\"http:\/\/schema.org\/Offer\">\n\n    <span class=\"course-item-price\"> <span class=\"price\">&#082;&#036; 39,00<\/span> <\/span>\n<\/div>\n\t\t\t\t\t\t<\/div>\n\n\t\t\t\t\t\t<div class=\"thim-course-content\">\n\t\t\t\t\t\t\t\n<div class=\"course-author\" itemscope itemtype=\"http:\/\/schema.org\/Person\">\n\t<a href=\"https:\/\/gourangaseva.com\/kirtan\/instructor\/jayakirtana\/\"><img loading=\"lazy\" decoding=\"async\" alt=\"User Avatar\" class=\"avatar\" src=\"\/\/www.gravatar.com\/avatar\/045682495856bdc5cfa28e786d5297d2?s=50&#038;r=g&#038;d=mm\" width=\"50\" height=\"50\" \/><\/a>\t<div class=\"author-contain\">\n\t\t<div class=\"value\" itemprop=\"name\">\n\t\t\t<a href=\"https:\/\/gourangaseva.com\/kirtan\/instructor\/jayakirtana\/\">Kirtana Teixeira<\/a>\t\t<\/div>\n\t<\/div>\n<\/div>\n<h2 class=\"course-title\"><a href=\"https:\/\/gourangaseva.com\/kirtan\/cursos\/your-complete-guide-to-photography\/\" rel=\"bookmark\">Your Complete Guide to Photography<\/a><\/h2>\t\t\t\t\t\t\t\t<div class=\"course-meta\">\n\t\t\t\t\t\t\t\t\t<span><i class=\"lp-icon-user\"><\/i> 45<\/span>\t\t\t\t\t\t\t\t\t\t\t\t\t\t\t\t\t\t\t\t\t\t\t\t\t\t\t<\/div>\n\t\t\t\t\t\t\t\t\t\t\t\t\t<\/div>\n\t\t\t\t\t<\/div>\n\t\t\t\t<\/div>\n\t\t\t\t\t\t\t\t\t\t\t<div class=\"lpr_course course-grid-4\">\n\t\t\t\t\t<div class=\"course-item\">\n\t\t\t\t\t\t<div class=\"course-thumbnail\">\n\t\t\t\t\t\t\t<a href=\"https:\/\/gourangaseva.com\/kirtan\/cursos\/learning-jquery-mobile-for-beginners\/\">\n\t\t\t\t\t\t\t\t<img loading=\"lazy\" decoding=\"async\" src=\"https:\/\/gourangaseva.com\/kirtan\/wp-content\/uploads\/2015\/06\/course-5-2.jpg\" alt=\"Learning jQuery Mobile for Beginners\"  width=\"400\" height=\"230\">\t\t\t\t\t\t\t<\/a>\n\n\t\t\t\t\t\t\t<a class=\"course-readmore\" href=\"https:\/\/gourangaseva.com\/kirtan\/cursos\/learning-jquery-mobile-for-beginners\/\" >Leia mais<\/a>\t\t\t\t\t\t\t\n<div class=\"course-price\" itemprop=\"offers\" itemscope itemtype=\"http:\/\/schema.org\/Offer\">\n\n    <span class=\"course-item-price\"> <span class=\"price\">&#082;&#036; 30,00<\/span> <\/span>\n<\/div>\n\t\t\t\t\t\t<\/div>\n\n\t\t\t\t\t\t<div class=\"thim-course-content\">\n\t\t\t\t\t\t\t\n<div class=\"course-author\" itemscope itemtype=\"http:\/\/schema.org\/Person\">\n\t<a href=\"https:\/\/gourangaseva.com\/kirtan\/instructor\/jayakirtana\/\"><img loading=\"lazy\" decoding=\"async\" alt=\"User Avatar\" class=\"avatar\" src=\"\/\/www.gravatar.com\/avatar\/045682495856bdc5cfa28e786d5297d2?s=50&#038;r=g&#038;d=mm\" width=\"50\" height=\"50\" \/><\/a>\t<div class=\"author-contain\">\n\t\t<div class=\"value\" itemprop=\"name\">\n\t\t\t<a href=\"https:\/\/gourangaseva.com\/kirtan\/instructor\/jayakirtana\/\">Kirtana Teixeira<\/a>\t\t<\/div>\n\t<\/div>\n<\/div>\n<h2 class=\"course-title\"><a href=\"https:\/\/gourangaseva.com\/kirtan\/cursos\/learning-jquery-mobile-for-beginners\/\" rel=\"bookmark\">Learning jQuery Mobile for Beginners<\/a><\/h2>\t\t\t\t\t\t\t\t<div class=\"course-meta\">\n\t\t\t\t\t\t\t\t\t<span><i class=\"lp-icon-user\"><\/i> 32<\/span>\t\t\t\t\t\t\t\t\t\t\t\t\t\t\t\t\t\t\t\t\t\t\t\t\t\t\t<\/div>\n\t\t\t\t\t\t\t\t\t\t\t\t\t<\/div>\n\t\t\t\t\t<\/div>\n\t\t\t\t<\/div>\n\t\t\t\t\t\t\t\t\t\t\t<div class=\"lpr_course course-grid-4\">\n\t\t\t\t\t<div class=\"course-item\">\n\t\t\t\t\t\t<div class=\"course-thumbnail\">\n\t\t\t\t\t\t\t<a href=\"https:\/\/gourangaseva.com\/kirtan\/cursos\/become-a-php-master-and-make-money-fast\/\">\n\t\t\t\t\t\t\t\t<img loading=\"lazy\" decoding=\"async\" src=\"https:\/\/gourangaseva.com\/kirtan\/wp-content\/uploads\/2015\/06\/course-2-2.jpg\" alt=\"Become a PHP Master and Make Money Fast\"  width=\"400\" height=\"230\">\t\t\t\t\t\t\t<\/a>\n\n\t\t\t\t\t\t\t<a class=\"course-readmore\" href=\"https:\/\/gourangaseva.com\/kirtan\/cursos\/become-a-php-master-and-make-money-fast\/\" >Leia mais<\/a>\t\t\t\t\t\t\t\n<div class=\"course-price\" itemprop=\"offers\" itemscope itemtype=\"http:\/\/schema.org\/Offer\">\n\n    <span class=\"course-item-price\"> <span class=\"price\">&#082;&#036; 80,00<\/span> <\/span>\n<\/div>\n\t\t\t\t\t\t<\/div>\n\n\t\t\t\t\t\t<div class=\"thim-course-content\">\n\t\t\t\t\t\t\t\n<div class=\"course-author\" itemscope itemtype=\"http:\/\/schema.org\/Person\">\n\t<a href=\"https:\/\/gourangaseva.com\/kirtan\/instructor\/jayakirtana\/\"><img loading=\"lazy\" decoding=\"async\" alt=\"User Avatar\" class=\"avatar\" src=\"\/\/www.gravatar.com\/avatar\/045682495856bdc5cfa28e786d5297d2?s=50&#038;r=g&#038;d=mm\" width=\"50\" height=\"50\" \/><\/a>\t<div class=\"author-contain\">\n\t\t<div class=\"value\" itemprop=\"name\">\n\t\t\t<a href=\"https:\/\/gourangaseva.com\/kirtan\/instructor\/jayakirtana\/\">Kirtana Teixeira<\/a>\t\t<\/div>\n\t<\/div>\n<\/div>\n<h2 class=\"course-title\"><a href=\"https:\/\/gourangaseva.com\/kirtan\/cursos\/become-a-php-master-and-make-money-fast\/\" rel=\"bookmark\">Become a PHP Master and Make Money Fast<\/a><\/h2>\t\t\t\t\t\t\t\t<div class=\"course-meta\">\n\t\t\t\t\t\t\t\t\t<span><i class=\"lp-icon-user\"><\/i> 28<\/span>\t\t\t\t\t\t\t\t\t\t\t\t\t\t\t\t\t\t\t\t\t\t\t\t\t\t\t<\/div>\n\t\t\t\t\t\t\t\t\t\t\t\t\t<\/div>\n\t\t\t\t\t<\/div>\n\t\t\t\t<\/div>\n\t\t\t\t\t\t\t\t\t\t\t<div class=\"lpr_course course-grid-4\">\n\t\t\t\t\t<div class=\"course-item\">\n\t\t\t\t\t\t<div class=\"course-thumbnail\">\n\t\t\t\t\t\t\t<a href=\"https:\/\/gourangaseva.com\/kirtan\/cursos\/the-art-of-black-and-white-photography\/\">\n\t\t\t\t\t\t\t\t<img loading=\"lazy\" decoding=\"async\" src=\"https:\/\/gourangaseva.com\/kirtan\/wp-content\/uploads\/2015\/12\/course-10-2.jpg\" alt=\"The Art of Black and White Photography\"  width=\"400\" height=\"230\">\t\t\t\t\t\t\t<\/a>\n\n\t\t\t\t\t\t\t<a class=\"course-readmore\" href=\"https:\/\/gourangaseva.com\/kirtan\/cursos\/the-art-of-black-and-white-photography\/\" >Leia mais<\/a>\t\t\t\t\t\t\t\n<div class=\"course-price\" itemprop=\"offers\" itemscope itemtype=\"http:\/\/schema.org\/Offer\">\n\n    <span class=\"course-item-price\"> <span class=\"price\">&#082;&#036; 55,00<\/span> <\/span>\n<\/div>\n\t\t\t\t\t\t<\/div>\n\n\t\t\t\t\t\t<div class=\"thim-course-content\">\n\t\t\t\t\t\t\t\n<div class=\"course-author\" itemscope itemtype=\"http:\/\/schema.org\/Person\">\n\t<a href=\"https:\/\/gourangaseva.com\/kirtan\/instructor\/jayakirtana\/\"><img loading=\"lazy\" decoding=\"async\" alt=\"User Avatar\" class=\"avatar\" src=\"\/\/www.gravatar.com\/avatar\/045682495856bdc5cfa28e786d5297d2?s=50&#038;r=g&#038;d=mm\" width=\"50\" height=\"50\" \/><\/a>\t<div class=\"author-contain\">\n\t\t<div class=\"value\" itemprop=\"name\">\n\t\t\t<a href=\"https:\/\/gourangaseva.com\/kirtan\/instructor\/jayakirtana\/\">Kirtana Teixeira<\/a>\t\t<\/div>\n\t<\/div>\n<\/div>\n<h2 class=\"course-title\"><a href=\"https:\/\/gourangaseva.com\/kirtan\/cursos\/the-art-of-black-and-white-photography\/\" rel=\"bookmark\">The Art of Black and White Photography<\/a><\/h2>\t\t\t\t\t\t\t\t<div class=\"course-meta\">\n\t\t\t\t\t\t\t\t\t<span><i class=\"lp-icon-user\"><\/i> 27<\/span>\t\t\t\t\t\t\t\t\t\t\t\t\t\t\t\t\t\t\t\t\t\t\t\t\t\t\t<\/div>\n\t\t\t\t\t\t\t\t\t\t\t\t\t<\/div>\n\t\t\t\t\t<\/div>\n\t\t\t\t<\/div>\n\t\t\t\t\t<\/div>\n\t\t<div class=\"number-courses\">\n\t\t\t<span class=\"course-text\">\n\t\t\t\tThere are  courses of 8\t\t\t<\/span>\n\n\t\t<\/div>\n\t\t\t<\/div>\n<\/div><\/div><\/div><\/div><\/div>","protected":false},"excerpt":{"rendered":"<p>[miniorange_social_login shape=&#8221;longbuttonwithtext&#8221; theme=&#8221;default&#8221; space=&#8221;4&#8243; width=&#8221;240&#8243; height=&#8221;40&#8243;]<\/p>\n","protected":false},"author":2,"featured_media":0,"parent":0,"menu_order":0,"comment_status":"closed","ping_status":"closed","template":"","meta":{"footnotes":""},"class_list":["post-2958","page","type-page","status-publish","hentry"],"_links":{"self":[{"href":"https:\/\/gourangaseva.com\/kirtan\/wp-json\/wp\/v2\/pages\/2958","targetHints":{"allow":["GET"]}}],"collection":[{"href":"https:\/\/gourangaseva.com\/kirtan\/wp-json\/wp\/v2\/pages"}],"about":[{"href":"https:\/\/gourangaseva.com\/kirtan\/wp-json\/wp\/v2\/types\/page"}],"author":[{"embeddable":true,"href":"https:\/\/gourangaseva.com\/kirtan\/wp-json\/wp\/v2\/users\/2"}],"replies":[{"embeddable":true,"href":"https:\/\/gourangaseva.com\/kirtan\/wp-json\/wp\/v2\/comments?post=2958"}],"version-history":[{"count":27,"href":"https:\/\/gourangaseva.com\/kirtan\/wp-json\/wp\/v2\/pages\/2958\/revisions"}],"predecessor-version":[{"id":6970,"href":"https:\/\/gourangaseva.com\/kirtan\/wp-json\/wp\/v2\/pages\/2958\/revisions\/6970"}],"wp:attachment":[{"href":"https:\/\/gourangaseva.com\/kirtan\/wp-json\/wp\/v2\/media?parent=2958"}],"curies":[{"name":"wp","href":"https:\/\/api.w.org\/{rel}","templated":true}]}}