{"id":2901,"date":"2015-11-18T08:34:00","date_gmt":"2015-11-18T08:34:00","guid":{"rendered":"http:\/\/demo.thimpress.com\/eduma\/?page_id=2901"},"modified":"2019-08-12T02:25:06","modified_gmt":"2019-08-12T02:25:06","slug":"sobre","status":"publish","type":"page","link":"https:\/\/gourangaseva.com\/kirtan\/sobre\/","title":{"rendered":"Sobre"},"content":{"rendered":"<div id=\"pl-2901\"  class=\"panel-layout\" ><div id=\"pg-2901-0\"  class=\"panel-grid panel-no-style\" ><div id=\"pgc-2901-0-0\"  class=\"panel-grid-cell\" ><div id=\"panel-2901-0-0-0\" class=\"so-panel widget widget_text panel-first-child\" data-index=\"0\" >\t\t\t<div class=\"textwidget\"><div class=\"thim-about-us-quote\">\n<p>\u201cNessa Era de Desaven\u00e7as e Hipocrisia a \u00fanica forma de obter libera\u00e7\u00e3o \u00e9 o cantar dos santos nomes do Senhor. N\u00e3o h\u00e1 outra maneira. N\u00e3o h\u00e1 outra maneira. N\u00e3o h\u00e1 outra maneira.\u201d<\/p>\n<div class=\"agency\">Brihan-naradiya Purana (38.126)<\/div>\n<hr>\n<\/div><\/div>\n\t\t<\/div><div id=\"panel-2901-0-0-1\" class=\"so-panel widget widget_gallery-images panel-last-child\" data-index=\"1\" ><div class=\"thim-widget-gallery-images template-base\"><div class=\"thim-carousel-wrapper gallery-img\" data-visible=\"2\" data-itemtablet=\"1\" data-itemmobile=\"1\" data-autoplay=\"0\" data-navigation=\"0\" data-pagination=\"1\" data-loop=\"true\"><div class=\"item\"><img fetchpriority=\"high\" decoding=\"async\" width=\"1920\" height=\"500\" src=\"https:\/\/gourangaseva.com\/kirtan\/wp-content\/uploads\/2019\/08\/Jaya-Kirtana.png\" class=\"attachment-full size-full\" alt=\"\" srcset=\"https:\/\/gourangaseva.com\/kirtan\/wp-content\/uploads\/2019\/08\/Jaya-Kirtana.png 1920w, https:\/\/gourangaseva.com\/kirtan\/wp-content\/uploads\/2019\/08\/Jaya-Kirtana-300x78.png 300w, https:\/\/gourangaseva.com\/kirtan\/wp-content\/uploads\/2019\/08\/Jaya-Kirtana-768x200.png 768w, https:\/\/gourangaseva.com\/kirtan\/wp-content\/uploads\/2019\/08\/Jaya-Kirtana-1024x267.png 1024w, https:\/\/gourangaseva.com\/kirtan\/wp-content\/uploads\/2019\/08\/Jaya-Kirtana-600x156.png 600w\" sizes=\"(max-width: 1920px) 100vw, 1920px\" \/><\/div><div class=\"item\"><img decoding=\"async\" width=\"1920\" height=\"500\" src=\"https:\/\/gourangaseva.com\/kirtan\/wp-content\/uploads\/2019\/08\/img-pag.sobre1_-1.png\" class=\"attachment-full size-full\" alt=\"\" srcset=\"https:\/\/gourangaseva.com\/kirtan\/wp-content\/uploads\/2019\/08\/img-pag.sobre1_-1.png 1920w, https:\/\/gourangaseva.com\/kirtan\/wp-content\/uploads\/2019\/08\/img-pag.sobre1_-1-300x78.png 300w, https:\/\/gourangaseva.com\/kirtan\/wp-content\/uploads\/2019\/08\/img-pag.sobre1_-1-768x200.png 768w, https:\/\/gourangaseva.com\/kirtan\/wp-content\/uploads\/2019\/08\/img-pag.sobre1_-1-1024x267.png 1024w, https:\/\/gourangaseva.com\/kirtan\/wp-content\/uploads\/2019\/08\/img-pag.sobre1_-1-600x156.png 600w\" sizes=\"(max-width: 1920px) 100vw, 1920px\" \/><\/div><\/div><\/div><\/div><\/div><\/div><div id=\"pg-2901-1\"  class=\"panel-grid panel-no-style\" ><div id=\"pgc-2901-1-0\"  class=\"panel-grid-cell\" ><div id=\"panel-2901-1-0-0\" class=\"so-panel widget widget_text panel-first-child panel-last-child\" data-index=\"2\" ><h3 class=\"widget-title\">Idealizador<\/h3>\t\t\t<div class=\"textwidget\">Nascido no movimento Hare Krishna, em 1987, Jaya Kirtana Rasa das \u00e9 um apaixonado por Kirtan e mrdanga.\nAs melodias e ca\u00e7\u00f5es glorificando o Senhor supremo, tocam seu cora\u00e7\u00e3o de maneira muito doce.<br><br>\n\nAp\u00f3s experi\u00eancias de Kirtan na \u00cdndia, mais precisamente em Mayapur, Jaya Kirtana teve sua paix\u00e3o e gosto multiplicados, surgindo assim a forte vontade de compartilhar o que sabe sobre a arte do Kirtan e do tocar dos instrumentos b\u00e1sicos, Harmonium, Karatalas e Mrdanga.<br><br>\n\nEnt\u00e3o essa plataforma com aulas dos 3 instrumentos b\u00e1sicos e tamb\u00e9m com as informa\u00e7\u00f5es dos workshops \"Etiqueta de Kirtan\" e \"A import\u00e2ncia do Cantar dos Santos Nomes\", foi criada.<br><br>\n\nO intuito \u00e9 ser uma ferramenta nas m\u00e3os de Deus e  conseguir transmitir atrav\u00e9s de suas aulas e workshops o amor por Deus, descrito nas escrituras sagradas.<br><br><br>\n\n<em>\"Se muitos de n\u00f3s soubermos o b\u00e1sico de Kirtan e dos instrumentos e aliarmos com sinceridade e entrega do cora\u00e7\u00e3o, podemos juntos formar uma atmosfera de prosperidade, harmonia, devo\u00e7\u00e3o, nos dando o suporte necess\u00e1rio para a compreens\u00e3o do Absoluto, de n\u00f3s mesmos e a rela\u00e7\u00e3o que temos com Ele.\"<\/em><br>\n<strong>Jaya Kirtana Rasa das<\/strong><\/div>\n\t\t<\/div><\/div><div id=\"pgc-2901-1-1\"  class=\"panel-grid-cell panel-grid-cell-empty\" ><\/div><div id=\"pgc-2901-1-2\"  class=\"panel-grid-cell\" ><div id=\"panel-2901-1-2-0\" class=\"so-panel widget widget_text panel-first-child panel-last-child\" data-index=\"3\" ><h3 class=\"widget-title\">KIRTAN SEVA \u2013 A ARTE DO KIRTAN<\/h3>\t\t\t<div class=\"textwidget\">O projeto Kirtan Seva \u00e9 uma iniciativa que nasceu do amor pelo cantar dos santos nomes.<br>\nAtualmente oferecemos no modo EAD aulas de Harmonium, Karatalas e Mridanga, realizadas atrav\u00e9s da nossa plataforma de ensino. J\u00e1 no modo presencial, o projeto oferece workshops sobre Etiqueta de Kirtan.<br><br>\n\nO objetivo \u00e9 ensinar a arte do Kirtan, o b\u00e1sico de cada instrumento e fazer com que os devotos se sintam capacitados para oferecerem um belo servi\u00e7o ao Senhor Supremo. Nossa vis\u00e3o \u00e9 que, munindo cada devoto com este conhecimento, podemos contribuir para a realiza\u00e7\u00e3o de bons Kirtans em todo o Brasil.<br><br>\n\nA vibra\u00e7\u00e3o dos santos nomes e dos instrumentos cria uma atmosfera transcendental, capaz de nutrir as ra\u00edzes de bhakti em nossos cora\u00e7\u00f5es. Assim, esperamos que todos alcancemos o objetivo mais importante de nossas vidas:<br>\n<strong>Krishna Prema Bhakti - amor puro por Krishna.<\/strong><br><br><\/div>\n\t\t<\/div><\/div><\/div><\/div>","protected":false},"excerpt":{"rendered":"<p>\u201cNessa Era de Desaven\u00e7as e Hipocrisia a \u00fanica forma de obter libera\u00e7\u00e3o \u00e9 o cantar dos santos nomes do Senhor. N\u00e3o h\u00e1 outra maneira. N\u00e3o h\u00e1 outra maneira. N\u00e3o h\u00e1 outra maneira.\u201d Brihan-naradiya Purana (38.126) Nascido no movimento Hare Krishna, &hellip; <\/p>\n","protected":false},"author":2,"featured_media":0,"parent":0,"menu_order":0,"comment_status":"closed","ping_status":"closed","template":"","meta":{"footnotes":""},"class_list":["post-2901","page","type-page","status-publish","hentry"],"_links":{"self":[{"href":"https:\/\/gourangaseva.com\/kirtan\/wp-json\/wp\/v2\/pages\/2901","targetHints":{"allow":["GET"]}}],"collection":[{"href":"https:\/\/gourangaseva.com\/kirtan\/wp-json\/wp\/v2\/pages"}],"about":[{"href":"https:\/\/gourangaseva.com\/kirtan\/wp-json\/wp\/v2\/types\/page"}],"author":[{"embeddable":true,"href":"https:\/\/gourangaseva.com\/kirtan\/wp-json\/wp\/v2\/users\/2"}],"replies":[{"embeddable":true,"href":"https:\/\/gourangaseva.com\/kirtan\/wp-json\/wp\/v2\/comments?post=2901"}],"version-history":[{"count":63,"href":"https:\/\/gourangaseva.com\/kirtan\/wp-json\/wp\/v2\/pages\/2901\/revisions"}],"predecessor-version":[{"id":6794,"href":"https:\/\/gourangaseva.com\/kirtan\/wp-json\/wp\/v2\/pages\/2901\/revisions\/6794"}],"wp:attachment":[{"href":"https:\/\/gourangaseva.com\/kirtan\/wp-json\/wp\/v2\/media?parent=2901"}],"curies":[{"name":"wp","href":"https:\/\/api.w.org\/{rel}","templated":true}]}}